{"id":1638,"date":"2021-01-18T11:02:56","date_gmt":"2021-01-18T11:02:56","guid":{"rendered":"https:\/\/isostatika.com\/projects\/eladio-laredo\/"},"modified":"2021-11-30T08:45:03","modified_gmt":"2021-11-30T08:45:03","slug":"eladio-laredo","status":"publish","type":"page","link":"https:\/\/isostatika.com\/en\/projects\/eladio-laredo\/","title":{"rendered":"Study of Eladio Laredo Building"},"content":{"rendered":"<section class=\"section hero hero-mini m-b-2\">\n<div class=\"container\">\n<div class=\"row\">\n<div class=\"col-md-12\">\n<h1>Study of Eladio Laredo Building, Castro Urdiales<\/h1>\n<div class=\"h2\">This historic house, located in front of the port of Castro Urdiales, presented several symptoms that required a detailed structural analysis in order to evaluate its condition.<\/p>\n<p>After carrying out a complete survey of the building and mapping the pathologies, we visited the municipal archive to gather historical information. With the information from the archive and that provided by the owners, a complete structural analysis was carried out. This analysis was able to identify the probable causes of almost all the observed symptoms, and the real risk to the property and its parts was estimated.<\/p>\n<p>This allowed us to set out a complete proposal of interventions, prioritized by urgency, to fully repair the observed damage. In parallel an instrumentation was proposed to measure the key points of the building and observe its evolution.<\/p>\n<\/div>\n<\/div>\n<\/div>\n<\/div>\n<\/section>\n<section id=\"proyecto\" class=\"section proyectos m-t-2\">\n<div class=\"container\">\n<div class=\"row\">\n<div class=\"col-md-2\"><\/div>\n<div class=\"col-md-8\">\n<div class=\"owl-carousel owl-theme\">\n<div><img decoding=\"async\" class=\"entry-image\" src=\"https:\/\/isostatika.com\/imagenes\/proyecto-castro-principal.jpg\" alt=\"Proyecto: Estudio Edificio Eladio Laredo, Castro Urdiales | ISOSTATIKA\" width=\"100%\"><\/div>\n<div><img decoding=\"async\" class=\"entry-image\" src=\"https:\/\/isostatika.com\/imagenes\/isostatika-proyecto-estudio-castro-2.jpg\" alt=\"Proyecto: Estudio Edificio Eladio Laredo, Castro Urdiales | ISOSTATIKA\" width=\"100%\"><\/div>\n<div><img decoding=\"async\" class=\"entry-image\" src=\"https:\/\/isostatika.com\/imagenes\/isostatika-proyecto-estudio-castro-3.jpg\" alt=\"Proyecto: Estudio Edificio Eladio Laredo, Castro Urdiales | ISOSTATIKA\" width=\"100%\"><\/div>\n<div><img decoding=\"async\" class=\"entry-image\" src=\"https:\/\/isostatika.com\/imagenes\/isostatika-proyecto-estudio-castro-4.jpg\" alt=\"Proyecto: Estudio Edificio Eladio Laredo, Castro Urdiales | ISOSTATIKA\" width=\"100%\"><\/div>\n<div><img decoding=\"async\" class=\"entry-image\" src=\"https:\/\/isostatika.com\/imagenes\/isostatika-proyecto-estudio-castro-5.jpg\" alt=\"Proyecto: Estudio Edificio Eladio Laredo, Castro Urdiales | ISOSTATIKA\" width=\"100%\"><\/div>\n<div><img decoding=\"async\" class=\"entry-image\" src=\"https:\/\/isostatika.com\/imagenes\/isostatika-proyecto-estudio-castro-6.jpg\" alt=\"Proyecto: Estudio Edificio Eladio Laredo, Castro Urdiales | ISOSTATIKA\" width=\"100%\"><\/div>\n<\/div>\n<div class=\"owl-dots\"><\/div>\n<p class=\"entry-author\"><strong>Designer<\/strong> \/\/ ISOSTATIKA<\/p>\n<ul class=\"entry-details\">\n<li><strong>Location<\/strong> \/\/ Castro Urdiales<\/li>\n<li><strong>Year<\/strong> \/\/ 2020<\/li>\n<li><strong>Photography<\/strong> \/\/ I\u00f1igo Ib\u00e1\u00f1ez Udaondo<\/li>\n<li><strong>Build type<\/strong> \/\/ Consultancy<\/li>\n<li><strong>Use<\/strong> \/\/ Residential + Dwelling<\/li>\n<li><strong>Period<\/strong> \/\/ 19th \u2013 20th centuries<\/li>\n<li><strong>Structure type<\/strong> \/\/ Wood + Stone<\/li>\n<li><strong>Construction<\/strong> \/\/ Traditional construction + Structural stability<\/li>\n<li><strong>Architecture<\/strong> \/\/ Historic architecture + Modernism + Heritage<\/li>\n<\/ul>\n<\/div>\n<div class=\"col-md-2\"><\/div>\n<\/div>\n<div class=\"row row-margin-top\">\n<div class=\"col-md-12 col-center\"><a class=\"text-link double-arrow\" href=\"https:\/\/isostatika.com\/en\/projects\/\">SEE ALL PROJECTS<\/a><\/div>\n<\/div>\n<\/div>\n<\/section>\n","protected":false},"excerpt":{"rendered":"<p>Study of Eladio Laredo Building, Castro Urdiales This historic house, located in front of the port of Castro Urdiales, presented several symptoms that required a [&hellip;]<\/p>\n","protected":false},"author":5,"featured_media":595,"parent":1588,"menu_order":0,"comment_status":"closed","ping_status":"closed","template":"","meta":{"footnotes":""},"class_list":["post-1638","page","type-page","status-publish","has-post-thumbnail","hentry"],"yoast_head":"<!-- This site is optimized with the Yoast SEO plugin v27.2 - https:\/\/yoast.com\/product\/yoast-seo-wordpress\/ -->\n<title>Eladio Laredo Building Project | ISOSTATIKA<\/title>\n<meta name=\"description\" content=\"This historic house presented several symptoms that required a detailed structural analysis and a complete proposal of interventions. Take a look at this project.\" \/>\n<meta name=\"robots\" content=\"index, follow, max-snippet:-1, max-image-preview:large, max-video-preview:-1\" \/>\n<link rel=\"canonical\" href=\"https:\/\/isostatika.com\/en\/projects\/eladio-laredo\/\" \/>\n<meta property=\"og:locale\" content=\"en_US\" \/>\n<meta property=\"og:type\" content=\"article\" \/>\n<meta property=\"og:title\" content=\"Eladio Laredo Building Project | ISOSTATIKA\" \/>\n<meta property=\"og:description\" content=\"This historic house presented several symptoms that required a detailed structural analysis and a complete proposal of interventions. Take a look at this project.\" \/>\n<meta property=\"og:url\" content=\"https:\/\/isostatika.com\/en\/projects\/eladio-laredo\/\" \/>\n<meta property=\"og:site_name\" content=\"ISOSTATIKA\" \/>\n<meta property=\"article:modified_time\" content=\"2021-11-30T08:45:03+00:00\" \/>\n<meta property=\"og:image\" content=\"https:\/\/isostatika.com\/imagenes\/proyecto-castro-principal.jpg\" \/>\n\t<meta property=\"og:image:width\" content=\"534\" \/>\n\t<meta property=\"og:image:height\" content=\"426\" \/>\n\t<meta property=\"og:image:type\" content=\"image\/jpeg\" \/>\n<meta name=\"twitter:card\" content=\"summary_large_image\" \/>\n<meta name=\"twitter:label1\" content=\"Est. reading time\" \/>\n\t<meta name=\"twitter:data1\" content=\"3 minutes\" \/>\n<script type=\"application\/ld+json\" class=\"yoast-schema-graph\">{\"@context\":\"https:\/\/schema.org\",\"@graph\":[{\"@type\":\"WebPage\",\"@id\":\"https:\/\/isostatika.com\/en\/projects\/eladio-laredo\/\",\"url\":\"https:\/\/isostatika.com\/en\/projects\/eladio-laredo\/\",\"name\":\"Eladio Laredo Building Project | ISOSTATIKA\",\"isPartOf\":{\"@id\":\"https:\/\/isostatika.com\/en\/#website\"},\"primaryImageOfPage\":{\"@id\":\"https:\/\/isostatika.com\/en\/projects\/eladio-laredo\/#primaryimage\"},\"image\":{\"@id\":\"https:\/\/isostatika.com\/en\/projects\/eladio-laredo\/#primaryimage\"},\"thumbnailUrl\":\"https:\/\/isostatika.com\/imagenes\/proyecto-castro-principal.jpg\",\"datePublished\":\"2021-01-18T11:02:56+00:00\",\"dateModified\":\"2021-11-30T08:45:03+00:00\",\"description\":\"This historic house presented several symptoms that required a detailed structural analysis and a complete proposal of interventions. Take a look at this project.\",\"breadcrumb\":{\"@id\":\"https:\/\/isostatika.com\/en\/projects\/eladio-laredo\/#breadcrumb\"},\"inLanguage\":\"en-US\",\"potentialAction\":[{\"@type\":\"ReadAction\",\"target\":[\"https:\/\/isostatika.com\/en\/projects\/eladio-laredo\/\"]}]},{\"@type\":\"ImageObject\",\"inLanguage\":\"en-US\",\"@id\":\"https:\/\/isostatika.com\/en\/projects\/eladio-laredo\/#primaryimage\",\"url\":\"https:\/\/isostatika.com\/imagenes\/proyecto-castro-principal.jpg\",\"contentUrl\":\"https:\/\/isostatika.com\/imagenes\/proyecto-castro-principal.jpg\",\"width\":534,\"height\":426,\"caption\":\"Resultado del proyecto de Isostatika\"},{\"@type\":\"BreadcrumbList\",\"@id\":\"https:\/\/isostatika.com\/en\/projects\/eladio-laredo\/#breadcrumb\",\"itemListElement\":[{\"@type\":\"ListItem\",\"position\":1,\"name\":\"Home\",\"item\":\"https:\/\/isostatika.com\/en\/\"},{\"@type\":\"ListItem\",\"position\":2,\"name\":\"Projects\",\"item\":\"https:\/\/isostatika.com\/en\/projects\/\"},{\"@type\":\"ListItem\",\"position\":3,\"name\":\"Study of Eladio Laredo Building\"}]},{\"@type\":\"WebSite\",\"@id\":\"https:\/\/isostatika.com\/en\/#website\",\"url\":\"https:\/\/isostatika.com\/en\/\",\"name\":\"ISOSTATIKA\",\"description\":\"Consultor\u00eda y dise\u00f1o de estructuras\",\"publisher\":{\"@id\":\"https:\/\/isostatika.com\/en\/#organization\"},\"potentialAction\":[{\"@type\":\"SearchAction\",\"target\":{\"@type\":\"EntryPoint\",\"urlTemplate\":\"https:\/\/isostatika.com\/en\/?s={search_term_string}\"},\"query-input\":{\"@type\":\"PropertyValueSpecification\",\"valueRequired\":true,\"valueName\":\"search_term_string\"}}],\"inLanguage\":\"en-US\"},{\"@type\":\"Organization\",\"@id\":\"https:\/\/isostatika.com\/en\/#organization\",\"name\":\"Isostatika | Consultancy and calculation of architectural structure\",\"url\":\"https:\/\/isostatika.com\/en\/\",\"logo\":{\"@type\":\"ImageObject\",\"inLanguage\":\"en-US\",\"@id\":\"https:\/\/isostatika.com\/en\/#\/schema\/logo\/image\/\",\"url\":\"https:\/\/isostatika.com\/imagenes\/isostatika-logo.png\",\"contentUrl\":\"https:\/\/isostatika.com\/imagenes\/isostatika-logo.png\",\"width\":136,\"height\":38,\"caption\":\"Isostatika | Consultancy and calculation of architectural structure\"},\"image\":{\"@id\":\"https:\/\/isostatika.com\/en\/#\/schema\/logo\/image\/\"}}]}<\/script>\n<!-- \/ Yoast SEO plugin. -->","yoast_head_json":{"title":"Eladio Laredo Building Project | ISOSTATIKA","description":"This historic house presented several symptoms that required a detailed structural analysis and a complete proposal of interventions. Take a look at this project.","robots":{"index":"index","follow":"follow","max-snippet":"max-snippet:-1","max-image-preview":"max-image-preview:large","max-video-preview":"max-video-preview:-1"},"canonical":"https:\/\/isostatika.com\/en\/projects\/eladio-laredo\/","og_locale":"en_US","og_type":"article","og_title":"Eladio Laredo Building Project | ISOSTATIKA","og_description":"This historic house presented several symptoms that required a detailed structural analysis and a complete proposal of interventions. Take a look at this project.","og_url":"https:\/\/isostatika.com\/en\/projects\/eladio-laredo\/","og_site_name":"ISOSTATIKA","article_modified_time":"2021-11-30T08:45:03+00:00","og_image":[{"width":534,"height":426,"url":"https:\/\/isostatika.com\/imagenes\/proyecto-castro-principal.jpg","type":"image\/jpeg"}],"twitter_card":"summary_large_image","twitter_misc":{"Est. reading time":"3 minutes"},"schema":{"@context":"https:\/\/schema.org","@graph":[{"@type":"WebPage","@id":"https:\/\/isostatika.com\/en\/projects\/eladio-laredo\/","url":"https:\/\/isostatika.com\/en\/projects\/eladio-laredo\/","name":"Eladio Laredo Building Project | ISOSTATIKA","isPartOf":{"@id":"https:\/\/isostatika.com\/en\/#website"},"primaryImageOfPage":{"@id":"https:\/\/isostatika.com\/en\/projects\/eladio-laredo\/#primaryimage"},"image":{"@id":"https:\/\/isostatika.com\/en\/projects\/eladio-laredo\/#primaryimage"},"thumbnailUrl":"https:\/\/isostatika.com\/imagenes\/proyecto-castro-principal.jpg","datePublished":"2021-01-18T11:02:56+00:00","dateModified":"2021-11-30T08:45:03+00:00","description":"This historic house presented several symptoms that required a detailed structural analysis and a complete proposal of interventions. Take a look at this project.","breadcrumb":{"@id":"https:\/\/isostatika.com\/en\/projects\/eladio-laredo\/#breadcrumb"},"inLanguage":"en-US","potentialAction":[{"@type":"ReadAction","target":["https:\/\/isostatika.com\/en\/projects\/eladio-laredo\/"]}]},{"@type":"ImageObject","inLanguage":"en-US","@id":"https:\/\/isostatika.com\/en\/projects\/eladio-laredo\/#primaryimage","url":"https:\/\/isostatika.com\/imagenes\/proyecto-castro-principal.jpg","contentUrl":"https:\/\/isostatika.com\/imagenes\/proyecto-castro-principal.jpg","width":534,"height":426,"caption":"Resultado del proyecto de Isostatika"},{"@type":"BreadcrumbList","@id":"https:\/\/isostatika.com\/en\/projects\/eladio-laredo\/#breadcrumb","itemListElement":[{"@type":"ListItem","position":1,"name":"Home","item":"https:\/\/isostatika.com\/en\/"},{"@type":"ListItem","position":2,"name":"Projects","item":"https:\/\/isostatika.com\/en\/projects\/"},{"@type":"ListItem","position":3,"name":"Study of Eladio Laredo Building"}]},{"@type":"WebSite","@id":"https:\/\/isostatika.com\/en\/#website","url":"https:\/\/isostatika.com\/en\/","name":"ISOSTATIKA","description":"Consultor\u00eda y dise\u00f1o de estructuras","publisher":{"@id":"https:\/\/isostatika.com\/en\/#organization"},"potentialAction":[{"@type":"SearchAction","target":{"@type":"EntryPoint","urlTemplate":"https:\/\/isostatika.com\/en\/?s={search_term_string}"},"query-input":{"@type":"PropertyValueSpecification","valueRequired":true,"valueName":"search_term_string"}}],"inLanguage":"en-US"},{"@type":"Organization","@id":"https:\/\/isostatika.com\/en\/#organization","name":"Isostatika | Consultancy and calculation of architectural structure","url":"https:\/\/isostatika.com\/en\/","logo":{"@type":"ImageObject","inLanguage":"en-US","@id":"https:\/\/isostatika.com\/en\/#\/schema\/logo\/image\/","url":"https:\/\/isostatika.com\/imagenes\/isostatika-logo.png","contentUrl":"https:\/\/isostatika.com\/imagenes\/isostatika-logo.png","width":136,"height":38,"caption":"Isostatika | Consultancy and calculation of architectural structure"},"image":{"@id":"https:\/\/isostatika.com\/en\/#\/schema\/logo\/image\/"}}]}},"_links":{"self":[{"href":"https:\/\/isostatika.com\/en\/wp-json\/wp\/v2\/pages\/1638","targetHints":{"allow":["GET"]}}],"collection":[{"href":"https:\/\/isostatika.com\/en\/wp-json\/wp\/v2\/pages"}],"about":[{"href":"https:\/\/isostatika.com\/en\/wp-json\/wp\/v2\/types\/page"}],"author":[{"embeddable":true,"href":"https:\/\/isostatika.com\/en\/wp-json\/wp\/v2\/users\/5"}],"replies":[{"embeddable":true,"href":"https:\/\/isostatika.com\/en\/wp-json\/wp\/v2\/comments?post=1638"}],"version-history":[{"count":0,"href":"https:\/\/isostatika.com\/en\/wp-json\/wp\/v2\/pages\/1638\/revisions"}],"up":[{"embeddable":true,"href":"https:\/\/isostatika.com\/en\/wp-json\/wp\/v2\/pages\/1588"}],"wp:featuredmedia":[{"embeddable":true,"href":"https:\/\/isostatika.com\/en\/wp-json\/wp\/v2\/media\/595"}],"wp:attachment":[{"href":"https:\/\/isostatika.com\/en\/wp-json\/wp\/v2\/media?parent=1638"}],"curies":[{"name":"wp","href":"https:\/\/api.w.org\/{rel}","templated":true}]}}