{"id":1632,"date":"2021-01-20T08:21:18","date_gmt":"2021-01-20T08:21:18","guid":{"rendered":"https:\/\/isostatika.com\/projects\/san-felix-ikastetxea\/"},"modified":"2021-11-30T08:40:58","modified_gmt":"2021-11-30T08:40:58","slug":"san-felix-school","status":"publish","type":"page","link":"https:\/\/isostatika.com\/en\/projects\/san-felix-school\/","title":{"rendered":"Extension to San F\u00e9lix School"},"content":{"rendered":"<section class=\"section hero hero-mini m-b-2\">\n<div class=\"container\">\n<div class=\"row\">\n<div class=\"col-md-12\">\n<h1>Extension to San F\u00e9lix School<\/h1>\n<div class=\"h2\">San Felix School commissioned us to cover a 25m x 8m playground and convert it into a multipurpose space, unifying it with an existing portico. The commission included the installation of dining rooms and laboratories on an upper floor, with a new playground above them. Inspired directly by Alejandro de la Sota\u2019s Maravillas Gym, we created a system of trusses that did not require new pillars in the courtyard and allowed us to create as large a space as was possible.<\/p>\n<p>The school\u2019s fire escape staircase also had to be rebuilt as it did not comply with fire regulations. The staircase build had to be executed entirely in summer (including partial demolition of the existing staircase, excavations and foundations), so it was essential to use a structure pre-assembled in the workshop. The study of the demolition and reinforcement process was a project in itself.<\/p>\n<p>The precision of the topographic surveys and the care taken in the workshop and on the construction was such that no gap between the new building and its extension exceeds 2.5 cm, with the gaps being largely attributable to the poor quality of the original building\u2019s finishes. The structure was executed by NGL in collaboration with Estrumod.<\/p>\n<\/div>\n<\/div>\n<\/div>\n<\/div>\n<\/section>\n<section class=\"section proyectos m-t-2\" id=\"proyecto\">\n<div class=\"container\">\n<div class=\"row\">\n<div class=\"col-md-2\"><\/div>\n<div class=\"col-md-8\">\n<div class=\"owl-carousel owl-theme\">\n<div><img decoding=\"async\" class=\"entry-image\" src=\"https:\/\/isostatika.com\/imagenes\/isostatika-proyecto-san-felix-ikastetxea.jpg\" width=\"100%\" alt=\"Proyecto: San F\u00e9lix Ikastetxeaz | ISOSTATIKA\"><\/div>\n<div><img decoding=\"async\" class=\"entry-image\" src=\"https:\/\/isostatika.com\/imagenes\/isostatika-proyecto-san-felix-ikastetxea-2.jpg\" width=\"100%\" alt=\"Proyecto: San F\u00e9lix Ikastetxeaz | ISOSTATIKA\"><\/div>\n<div><img decoding=\"async\" class=\"entry-image\" src=\"https:\/\/isostatika.com\/imagenes\/isostatika-proyecto-san-felix-ikastetxea-3.jpg\" width=\"100%\" alt=\"Proyecto: San F\u00e9lix Ikastetxeaz | ISOSTATIKA\"><\/div>\n<div><img decoding=\"async\" class=\"entry-image\" src=\"https:\/\/isostatika.com\/imagenes\/isostatika-proyecto-san-felix-ikastetxea-4.jpg\" width=\"100%\" alt=\"Proyecto: San F\u00e9lix Ikastetxeaz | ISOSTATIKA\"><\/div>\n<div><img decoding=\"async\" class=\"entry-image\" src=\"https:\/\/isostatika.com\/imagenes\/isostatika-proyecto-san-felix-ikastetxea-5.jpg\" width=\"100%\" alt=\"Proyecto: San F\u00e9lix Ikastetxeaz | ISOSTATIKA\"><\/div>\n<div><img decoding=\"async\" class=\"entry-image\" src=\"https:\/\/isostatika.com\/imagenes\/isostatika-proyecto-san-felix-ikastetxea-6.jpg\" width=\"100%\" alt=\"Proyecto: San F\u00e9lix Ikastetxeaz | ISOSTATIKA\"><\/div>\n<div><img decoding=\"async\" class=\"entry-image\" src=\"https:\/\/isostatika.com\/imagenes\/isostatika-proyecto-san-felix-ikastetxea-7.jpg\" width=\"100%\" alt=\"Proyecto: San F\u00e9lix Ikastetxeaz | ISOSTATIKA\"><\/div>\n<div><img decoding=\"async\" class=\"entry-image\" src=\"https:\/\/isostatika.com\/imagenes\/isostatika-proyecto-san-felix-ikastetxea-8.jpg\" width=\"100%\" alt=\"Proyecto: San F\u00e9lix Ikastetxeaz | ISOSTATIKA\"><\/div>\n<\/div>\n<div class=\"owl-dots\"><\/div>\n<p class=\"entry-author\"><strong>Designer<\/strong> \/\/ Olaia Ziarrusta Atutxa + I\u00f1igo Ib\u00e1\u00f1ez Udaondo<\/p>\n<ul class=\"entry-details\">\n<li><strong>Location<\/strong> \/\/ Ortuella<\/li>\n<li><strong>Structure builders<\/strong> \/\/ NGL + Estrumod<\/li>\n<li><strong>Year<\/strong> \/\/ 2013<\/li>\n<li><strong>Photography<\/strong> \/\/ David Herranz<\/li>\n<li><strong>Build type<\/strong> \/\/ New build + Remodeling + Extension<\/li>\n<li><strong>Use<\/strong> \/\/ Public + Educational + Colegio<\/li>\n<li><strong>Construction <\/strong> \/\/ Playground + Truss + Prefabrication + Grit blasting + Pillars + Open plan<\/li>\n<li><strong>Architecture <\/strong> \/\/ Alejandro de la Sota + Maravillas Gym<\/li>\n<li><strong>Period<\/strong> \/\/ 20th century<\/li>\n<li><strong>Structure type<\/strong> \/\/ Reinforced concrete + Metal structure + Workshop manufacturing + Modular structure<\/li>\n<\/ul>\n<\/div>\n<div class=\"col-md-2\"><\/div>\n<\/div>\n<div class=\"row row-margin-top\">\n<div class=\"col-md-12 col-center\">\n\t\t\t\t<a href=\"https:\/\/isostatika.com\/en\/projects\/\" class=\"text-link double-arrow\"><span>SEE ALL PROJECTS<\/span><\/a><\/div>\n<\/div>\n<\/div>\n<\/section>\n","protected":false},"excerpt":{"rendered":"<p>Extension to San F\u00e9lix School San Felix School commissioned us to cover a 25m x 8m playground and convert it into a multipurpose space, unifying [&hellip;]<\/p>\n","protected":false},"author":5,"featured_media":325,"parent":1588,"menu_order":0,"comment_status":"closed","ping_status":"closed","template":"","meta":{"footnotes":""},"class_list":["post-1632","page","type-page","status-publish","has-post-thumbnail","hentry"],"yoast_head":"<!-- This site is optimized with the Yoast SEO plugin v27.2 - https:\/\/yoast.com\/product\/yoast-seo-wordpress\/ -->\n<title>San Felix School Extension Project | Isostatika<\/title>\n<meta name=\"description\" content=\"Project to cover a playground at San Felix School and turn it into a multipurpose space. The project included new construction, remodeling and extension.\" \/>\n<meta name=\"robots\" content=\"index, follow, max-snippet:-1, max-image-preview:large, max-video-preview:-1\" \/>\n<link rel=\"canonical\" href=\"https:\/\/isostatika.com\/en\/projects\/san-felix-school\/\" \/>\n<meta property=\"og:locale\" content=\"en_US\" \/>\n<meta property=\"og:type\" content=\"article\" \/>\n<meta property=\"og:title\" content=\"San Felix School Extension Project | Isostatika\" \/>\n<meta property=\"og:description\" content=\"Project to cover a playground at San Felix School and turn it into a multipurpose space. The project included new construction, remodeling and extension.\" \/>\n<meta property=\"og:url\" content=\"https:\/\/isostatika.com\/en\/projects\/san-felix-school\/\" \/>\n<meta property=\"og:site_name\" content=\"ISOSTATIKA\" \/>\n<meta property=\"article:modified_time\" content=\"2021-11-30T08:40:58+00:00\" \/>\n<meta property=\"og:image\" content=\"https:\/\/isostatika.com\/imagenes\/isostatika-proyecto-san-felix-ikastetxea.jpg\" \/>\n\t<meta property=\"og:image:width\" content=\"534\" \/>\n\t<meta property=\"og:image:height\" content=\"426\" \/>\n\t<meta property=\"og:image:type\" content=\"image\/jpeg\" \/>\n<meta name=\"twitter:card\" content=\"summary_large_image\" \/>\n<meta name=\"twitter:label1\" content=\"Est. reading time\" \/>\n\t<meta name=\"twitter:data1\" content=\"3 minutes\" \/>\n<script type=\"application\/ld+json\" class=\"yoast-schema-graph\">{\"@context\":\"https:\/\/schema.org\",\"@graph\":[{\"@type\":\"WebPage\",\"@id\":\"https:\/\/isostatika.com\/en\/projects\/san-felix-school\/\",\"url\":\"https:\/\/isostatika.com\/en\/projects\/san-felix-school\/\",\"name\":\"San Felix School Extension Project | Isostatika\",\"isPartOf\":{\"@id\":\"https:\/\/isostatika.com\/en\/#website\"},\"primaryImageOfPage\":{\"@id\":\"https:\/\/isostatika.com\/en\/projects\/san-felix-school\/#primaryimage\"},\"image\":{\"@id\":\"https:\/\/isostatika.com\/en\/projects\/san-felix-school\/#primaryimage\"},\"thumbnailUrl\":\"https:\/\/isostatika.com\/imagenes\/isostatika-proyecto-san-felix-ikastetxea.jpg\",\"datePublished\":\"2021-01-20T08:21:18+00:00\",\"dateModified\":\"2021-11-30T08:40:58+00:00\",\"description\":\"Project to cover a playground at San Felix School and turn it into a multipurpose space. The project included new construction, remodeling and extension.\",\"breadcrumb\":{\"@id\":\"https:\/\/isostatika.com\/en\/projects\/san-felix-school\/#breadcrumb\"},\"inLanguage\":\"en-US\",\"potentialAction\":[{\"@type\":\"ReadAction\",\"target\":[\"https:\/\/isostatika.com\/en\/projects\/san-felix-school\/\"]}]},{\"@type\":\"ImageObject\",\"inLanguage\":\"en-US\",\"@id\":\"https:\/\/isostatika.com\/en\/projects\/san-felix-school\/#primaryimage\",\"url\":\"https:\/\/isostatika.com\/imagenes\/isostatika-proyecto-san-felix-ikastetxea.jpg\",\"contentUrl\":\"https:\/\/isostatika.com\/imagenes\/isostatika-proyecto-san-felix-ikastetxea.jpg\",\"width\":534,\"height\":426,\"caption\":\"Obra del Proyecto San Felix Ikastetxea en Isostatika\"},{\"@type\":\"BreadcrumbList\",\"@id\":\"https:\/\/isostatika.com\/en\/projects\/san-felix-school\/#breadcrumb\",\"itemListElement\":[{\"@type\":\"ListItem\",\"position\":1,\"name\":\"Home\",\"item\":\"https:\/\/isostatika.com\/en\/\"},{\"@type\":\"ListItem\",\"position\":2,\"name\":\"Projects\",\"item\":\"https:\/\/isostatika.com\/en\/projects\/\"},{\"@type\":\"ListItem\",\"position\":3,\"name\":\"Extension to San F\u00e9lix School\"}]},{\"@type\":\"WebSite\",\"@id\":\"https:\/\/isostatika.com\/en\/#website\",\"url\":\"https:\/\/isostatika.com\/en\/\",\"name\":\"ISOSTATIKA\",\"description\":\"Consultor\u00eda y dise\u00f1o de estructuras\",\"publisher\":{\"@id\":\"https:\/\/isostatika.com\/en\/#organization\"},\"potentialAction\":[{\"@type\":\"SearchAction\",\"target\":{\"@type\":\"EntryPoint\",\"urlTemplate\":\"https:\/\/isostatika.com\/en\/?s={search_term_string}\"},\"query-input\":{\"@type\":\"PropertyValueSpecification\",\"valueRequired\":true,\"valueName\":\"search_term_string\"}}],\"inLanguage\":\"en-US\"},{\"@type\":\"Organization\",\"@id\":\"https:\/\/isostatika.com\/en\/#organization\",\"name\":\"Isostatika | Consultancy and calculation of architectural structure\",\"url\":\"https:\/\/isostatika.com\/en\/\",\"logo\":{\"@type\":\"ImageObject\",\"inLanguage\":\"en-US\",\"@id\":\"https:\/\/isostatika.com\/en\/#\/schema\/logo\/image\/\",\"url\":\"https:\/\/isostatika.com\/imagenes\/isostatika-logo.png\",\"contentUrl\":\"https:\/\/isostatika.com\/imagenes\/isostatika-logo.png\",\"width\":136,\"height\":38,\"caption\":\"Isostatika | Consultancy and calculation of architectural structure\"},\"image\":{\"@id\":\"https:\/\/isostatika.com\/en\/#\/schema\/logo\/image\/\"}}]}<\/script>\n<!-- \/ Yoast SEO plugin. -->","yoast_head_json":{"title":"San Felix School Extension Project | Isostatika","description":"Project to cover a playground at San Felix School and turn it into a multipurpose space. The project included new construction, remodeling and extension.","robots":{"index":"index","follow":"follow","max-snippet":"max-snippet:-1","max-image-preview":"max-image-preview:large","max-video-preview":"max-video-preview:-1"},"canonical":"https:\/\/isostatika.com\/en\/projects\/san-felix-school\/","og_locale":"en_US","og_type":"article","og_title":"San Felix School Extension Project | Isostatika","og_description":"Project to cover a playground at San Felix School and turn it into a multipurpose space. The project included new construction, remodeling and extension.","og_url":"https:\/\/isostatika.com\/en\/projects\/san-felix-school\/","og_site_name":"ISOSTATIKA","article_modified_time":"2021-11-30T08:40:58+00:00","og_image":[{"width":534,"height":426,"url":"https:\/\/isostatika.com\/imagenes\/isostatika-proyecto-san-felix-ikastetxea.jpg","type":"image\/jpeg"}],"twitter_card":"summary_large_image","twitter_misc":{"Est. reading time":"3 minutes"},"schema":{"@context":"https:\/\/schema.org","@graph":[{"@type":"WebPage","@id":"https:\/\/isostatika.com\/en\/projects\/san-felix-school\/","url":"https:\/\/isostatika.com\/en\/projects\/san-felix-school\/","name":"San Felix School Extension Project | Isostatika","isPartOf":{"@id":"https:\/\/isostatika.com\/en\/#website"},"primaryImageOfPage":{"@id":"https:\/\/isostatika.com\/en\/projects\/san-felix-school\/#primaryimage"},"image":{"@id":"https:\/\/isostatika.com\/en\/projects\/san-felix-school\/#primaryimage"},"thumbnailUrl":"https:\/\/isostatika.com\/imagenes\/isostatika-proyecto-san-felix-ikastetxea.jpg","datePublished":"2021-01-20T08:21:18+00:00","dateModified":"2021-11-30T08:40:58+00:00","description":"Project to cover a playground at San Felix School and turn it into a multipurpose space. The project included new construction, remodeling and extension.","breadcrumb":{"@id":"https:\/\/isostatika.com\/en\/projects\/san-felix-school\/#breadcrumb"},"inLanguage":"en-US","potentialAction":[{"@type":"ReadAction","target":["https:\/\/isostatika.com\/en\/projects\/san-felix-school\/"]}]},{"@type":"ImageObject","inLanguage":"en-US","@id":"https:\/\/isostatika.com\/en\/projects\/san-felix-school\/#primaryimage","url":"https:\/\/isostatika.com\/imagenes\/isostatika-proyecto-san-felix-ikastetxea.jpg","contentUrl":"https:\/\/isostatika.com\/imagenes\/isostatika-proyecto-san-felix-ikastetxea.jpg","width":534,"height":426,"caption":"Obra del Proyecto San Felix Ikastetxea en Isostatika"},{"@type":"BreadcrumbList","@id":"https:\/\/isostatika.com\/en\/projects\/san-felix-school\/#breadcrumb","itemListElement":[{"@type":"ListItem","position":1,"name":"Home","item":"https:\/\/isostatika.com\/en\/"},{"@type":"ListItem","position":2,"name":"Projects","item":"https:\/\/isostatika.com\/en\/projects\/"},{"@type":"ListItem","position":3,"name":"Extension to San F\u00e9lix School"}]},{"@type":"WebSite","@id":"https:\/\/isostatika.com\/en\/#website","url":"https:\/\/isostatika.com\/en\/","name":"ISOSTATIKA","description":"Consultor\u00eda y dise\u00f1o de estructuras","publisher":{"@id":"https:\/\/isostatika.com\/en\/#organization"},"potentialAction":[{"@type":"SearchAction","target":{"@type":"EntryPoint","urlTemplate":"https:\/\/isostatika.com\/en\/?s={search_term_string}"},"query-input":{"@type":"PropertyValueSpecification","valueRequired":true,"valueName":"search_term_string"}}],"inLanguage":"en-US"},{"@type":"Organization","@id":"https:\/\/isostatika.com\/en\/#organization","name":"Isostatika | Consultancy and calculation of architectural structure","url":"https:\/\/isostatika.com\/en\/","logo":{"@type":"ImageObject","inLanguage":"en-US","@id":"https:\/\/isostatika.com\/en\/#\/schema\/logo\/image\/","url":"https:\/\/isostatika.com\/imagenes\/isostatika-logo.png","contentUrl":"https:\/\/isostatika.com\/imagenes\/isostatika-logo.png","width":136,"height":38,"caption":"Isostatika | Consultancy and calculation of architectural structure"},"image":{"@id":"https:\/\/isostatika.com\/en\/#\/schema\/logo\/image\/"}}]}},"_links":{"self":[{"href":"https:\/\/isostatika.com\/en\/wp-json\/wp\/v2\/pages\/1632","targetHints":{"allow":["GET"]}}],"collection":[{"href":"https:\/\/isostatika.com\/en\/wp-json\/wp\/v2\/pages"}],"about":[{"href":"https:\/\/isostatika.com\/en\/wp-json\/wp\/v2\/types\/page"}],"author":[{"embeddable":true,"href":"https:\/\/isostatika.com\/en\/wp-json\/wp\/v2\/users\/5"}],"replies":[{"embeddable":true,"href":"https:\/\/isostatika.com\/en\/wp-json\/wp\/v2\/comments?post=1632"}],"version-history":[{"count":0,"href":"https:\/\/isostatika.com\/en\/wp-json\/wp\/v2\/pages\/1632\/revisions"}],"up":[{"embeddable":true,"href":"https:\/\/isostatika.com\/en\/wp-json\/wp\/v2\/pages\/1588"}],"wp:featuredmedia":[{"embeddable":true,"href":"https:\/\/isostatika.com\/en\/wp-json\/wp\/v2\/media\/325"}],"wp:attachment":[{"href":"https:\/\/isostatika.com\/en\/wp-json\/wp\/v2\/media?parent=1632"}],"curies":[{"name":"wp","href":"https:\/\/api.w.org\/{rel}","templated":true}]}}