{"id":1627,"date":"2021-01-20T08:16:48","date_gmt":"2021-01-20T08:16:48","guid":{"rendered":"https:\/\/isostatika.com\/projects\/reforma-atico\/"},"modified":"2021-11-30T08:49:03","modified_gmt":"2021-11-30T08:49:03","slug":"attic-remodeling","status":"publish","type":"page","link":"https:\/\/isostatika.com\/en\/projects\/attic-remodeling\/","title":{"rendered":"Interior attic remodeling"},"content":{"rendered":"<section class=\"section hero hero-mini m-b-2\">\n<div class=\"container\">\n<div class=\"row\">\n<div class=\"col-md-12\">\n<h1>Interior attic remodeling<\/h1>\n<div class=\"h2\">While carrying out an interior remodeling, the owners consulted us on the technical possibility of eliminating a wooden pillar to create an open space. The pillar to be eliminated was located directly beneath the building\u2019s ridge (the apartment was on the top floor). Under the ridge was a parallel beam, the main function of which was to hold a false clapboard ceiling. A truss was made to take advantage of both beams.<\/p>\n<p>The truss was fabricated in made-to-measure metalwork and seated in rabbets formed in situ in the wooden beams. We used a system with tensioners from the Halfen house, which has its own program of calculation, to facilitate and secure the installation. Once the pillar was removed, the clients decided to keep the space open plan.<\/p>\n<\/div>\n<\/div>\n<\/div>\n<\/div>\n<\/section>\n<section id=\"proyecto\" class=\"section proyectos m-t-2\">\n<div class=\"container\">\n<div class=\"row\">\n<div class=\"col-md-2\"><\/div>\n<div class=\"col-md-8\">\n<div class=\"owl-carousel owl-theme\">\n<div><img decoding=\"async\" class=\"entry-image\" src=\"https:\/\/isostatika.com\/imagenes\/isostatika-proyecto-reforma-atico.jpg\" alt=\"Proyecto: Reforma interior \u00e1tico | ISOSTATIKA\" width=\"100%\"><\/div>\n<div><img decoding=\"async\" class=\"entry-image\" src=\"https:\/\/isostatika.com\/imagenes\/isostatika-proyecto-reforma-atico-2.jpg\" alt=\"Proyecto: Reforma interior \u00e1tico | ISOSTATIKA\" width=\"100%\"><\/div>\n<div><img decoding=\"async\" class=\"entry-image\" src=\"https:\/\/isostatika.com\/imagenes\/isostatika-proyecto-reforma-atico-3.jpg\" alt=\"Proyecto: Reforma interior \u00e1tico | ISOSTATIKA\" width=\"100%\"><\/div>\n<div><img decoding=\"async\" class=\"entry-image\" src=\"https:\/\/isostatika.com\/imagenes\/isostatika-proyecto-reforma-atico-4.jpg\" alt=\"Proyecto: Reforma interior \u00e1tico | ISOSTATIKA\" width=\"100%\"><\/div>\n<div><img decoding=\"async\" class=\"entry-image\" src=\"https:\/\/isostatika.com\/imagenes\/isostatika-proyecto-reforma-atico-5.jpg\" alt=\"Proyecto: Reforma interior \u00e1tico | ISOSTATIKA\" width=\"100%\"><\/div>\n<\/div>\n<div class=\"owl-dots\"><\/div>\n<p class=\"entry-author\"><strong>Designer<\/strong> \/\/ I\u00f1igo Ib\u00e1\u00f1ez Udaondo<\/p>\n<ul class=\"entry-details\">\n<li><strong>Structure builders<\/strong> \/\/ Onbi<\/li>\n<li><strong>Year<\/strong> \/\/ 2014<\/li>\n<li><b>Photography <\/b>\/\/ Jon Ortiz Larrinaga<\/li>\n<li><strong>Build type<\/strong> \/\/ Remodeling<\/li>\n<li><strong>Use<\/strong> \/\/  Residential + Apartment<\/li>\n<li><strong>Period<\/strong> \/\/ 20th century<\/li>\n<li><strong>Structure type<\/strong> \/\/ Wood + Steel<\/li>\n<li><strong>Construction<\/strong> \/\/ Truss + Braces + Roof + Pillar + Concrete screens + Open plan<\/li>\n<\/ul>\n<\/div>\n<div class=\"col-md-2\"><\/div>\n<\/div>\n<div class=\"row row-margin-top\">\n<div class=\"col-md-12 col-center\"><a class=\"text-link double-arrow\" href=\"https:\/\/isostatika.com\/en\/projects\/\">SEE ALL PROJECTS<\/a><\/div>\n<\/div>\n<\/div>\n<\/section>\n","protected":false},"excerpt":{"rendered":"<p>Interior attic remodeling While carrying out an interior remodeling, the owners consulted us on the technical possibility of eliminating a wooden pillar to create an [&hellip;]<\/p>\n","protected":false},"author":5,"featured_media":321,"parent":1588,"menu_order":0,"comment_status":"closed","ping_status":"closed","template":"","meta":{"footnotes":""},"class_list":["post-1627","page","type-page","status-publish","has-post-thumbnail","hentry"],"yoast_head":"<!-- This site is optimized with the Yoast SEO plugin v27.5 - https:\/\/yoast.com\/product\/yoast-seo-wordpress\/ -->\n<title>Interior Attic Remodeling Project | ISOSTATIKA<\/title>\n<meta name=\"description\" content=\"New open-plan space after removing a wooden pillar in an interior attic remodeling. Take a look at the project.\" \/>\n<meta name=\"robots\" content=\"index, follow, max-snippet:-1, max-image-preview:large, max-video-preview:-1\" \/>\n<link rel=\"canonical\" href=\"https:\/\/isostatika.com\/en\/projects\/attic-remodeling\/\" \/>\n<meta property=\"og:locale\" content=\"en_US\" \/>\n<meta property=\"og:type\" content=\"article\" \/>\n<meta property=\"og:title\" content=\"Interior Attic Remodeling Project | ISOSTATIKA\" \/>\n<meta property=\"og:description\" content=\"New open-plan space after removing a wooden pillar in an interior attic remodeling. Take a look at the project.\" \/>\n<meta property=\"og:url\" content=\"https:\/\/isostatika.com\/en\/projects\/attic-remodeling\/\" \/>\n<meta property=\"og:site_name\" content=\"ISOSTATIKA\" \/>\n<meta property=\"article:modified_time\" content=\"2021-11-30T08:49:03+00:00\" \/>\n<meta property=\"og:image\" content=\"https:\/\/isostatika.com\/imagenes\/isostatika-proyecto-reforma-atico.jpg\" \/>\n\t<meta property=\"og:image:width\" content=\"534\" \/>\n\t<meta property=\"og:image:height\" content=\"426\" \/>\n\t<meta property=\"og:image:type\" content=\"image\/jpeg\" \/>\n<meta name=\"twitter:card\" content=\"summary_large_image\" \/>\n<meta name=\"twitter:label1\" content=\"Est. reading time\" \/>\n\t<meta name=\"twitter:data1\" content=\"2 minutes\" \/>\n<script type=\"application\/ld+json\" class=\"yoast-schema-graph\">{\"@context\":\"https:\\\/\\\/schema.org\",\"@graph\":[{\"@type\":\"WebPage\",\"@id\":\"https:\\\/\\\/isostatika.com\\\/en\\\/projects\\\/attic-remodeling\\\/\",\"url\":\"https:\\\/\\\/isostatika.com\\\/en\\\/projects\\\/attic-remodeling\\\/\",\"name\":\"Interior Attic Remodeling Project | ISOSTATIKA\",\"isPartOf\":{\"@id\":\"https:\\\/\\\/isostatika.com\\\/en\\\/#website\"},\"primaryImageOfPage\":{\"@id\":\"https:\\\/\\\/isostatika.com\\\/en\\\/projects\\\/attic-remodeling\\\/#primaryimage\"},\"image\":{\"@id\":\"https:\\\/\\\/isostatika.com\\\/en\\\/projects\\\/attic-remodeling\\\/#primaryimage\"},\"thumbnailUrl\":\"https:\\\/\\\/isostatika.com\\\/imagenes\\\/isostatika-proyecto-reforma-atico.jpg\",\"datePublished\":\"2021-01-20T08:16:48+00:00\",\"dateModified\":\"2021-11-30T08:49:03+00:00\",\"description\":\"New open-plan space after removing a wooden pillar in an interior attic remodeling. Take a look at the project.\",\"breadcrumb\":{\"@id\":\"https:\\\/\\\/isostatika.com\\\/en\\\/projects\\\/attic-remodeling\\\/#breadcrumb\"},\"inLanguage\":\"en-US\",\"potentialAction\":[{\"@type\":\"ReadAction\",\"target\":[\"https:\\\/\\\/isostatika.com\\\/en\\\/projects\\\/attic-remodeling\\\/\"]}]},{\"@type\":\"ImageObject\",\"inLanguage\":\"en-US\",\"@id\":\"https:\\\/\\\/isostatika.com\\\/en\\\/projects\\\/attic-remodeling\\\/#primaryimage\",\"url\":\"https:\\\/\\\/isostatika.com\\\/imagenes\\\/isostatika-proyecto-reforma-atico.jpg\",\"contentUrl\":\"https:\\\/\\\/isostatika.com\\\/imagenes\\\/isostatika-proyecto-reforma-atico.jpg\",\"width\":534,\"height\":426,\"caption\":\"Obra del Proyecto de Reforma en \u00e1tico en Isostatika\"},{\"@type\":\"BreadcrumbList\",\"@id\":\"https:\\\/\\\/isostatika.com\\\/en\\\/projects\\\/attic-remodeling\\\/#breadcrumb\",\"itemListElement\":[{\"@type\":\"ListItem\",\"position\":1,\"name\":\"Home\",\"item\":\"https:\\\/\\\/isostatika.com\\\/en\\\/\"},{\"@type\":\"ListItem\",\"position\":2,\"name\":\"Projects\",\"item\":\"https:\\\/\\\/isostatika.com\\\/en\\\/projects\\\/\"},{\"@type\":\"ListItem\",\"position\":3,\"name\":\"Interior attic remodeling\"}]},{\"@type\":\"WebSite\",\"@id\":\"https:\\\/\\\/isostatika.com\\\/en\\\/#website\",\"url\":\"https:\\\/\\\/isostatika.com\\\/en\\\/\",\"name\":\"ISOSTATIKA\",\"description\":\"Consultor\u00eda y dise\u00f1o de estructuras\",\"publisher\":{\"@id\":\"https:\\\/\\\/isostatika.com\\\/en\\\/#organization\"},\"potentialAction\":[{\"@type\":\"SearchAction\",\"target\":{\"@type\":\"EntryPoint\",\"urlTemplate\":\"https:\\\/\\\/isostatika.com\\\/en\\\/?s={search_term_string}\"},\"query-input\":{\"@type\":\"PropertyValueSpecification\",\"valueRequired\":true,\"valueName\":\"search_term_string\"}}],\"inLanguage\":\"en-US\"},{\"@type\":\"Organization\",\"@id\":\"https:\\\/\\\/isostatika.com\\\/en\\\/#organization\",\"name\":\"Isostatika | Consultancy and calculation of architectural structure\",\"url\":\"https:\\\/\\\/isostatika.com\\\/en\\\/\",\"logo\":{\"@type\":\"ImageObject\",\"inLanguage\":\"en-US\",\"@id\":\"https:\\\/\\\/isostatika.com\\\/en\\\/#\\\/schema\\\/logo\\\/image\\\/\",\"url\":\"https:\\\/\\\/isostatika.com\\\/imagenes\\\/isostatika-logo.png\",\"contentUrl\":\"https:\\\/\\\/isostatika.com\\\/imagenes\\\/isostatika-logo.png\",\"width\":136,\"height\":38,\"caption\":\"Isostatika | Consultancy and calculation of architectural structure\"},\"image\":{\"@id\":\"https:\\\/\\\/isostatika.com\\\/en\\\/#\\\/schema\\\/logo\\\/image\\\/\"}}]}<\/script>\n<!-- \/ Yoast SEO plugin. -->","yoast_head_json":{"title":"Interior Attic Remodeling Project | ISOSTATIKA","description":"New open-plan space after removing a wooden pillar in an interior attic remodeling. Take a look at the project.","robots":{"index":"index","follow":"follow","max-snippet":"max-snippet:-1","max-image-preview":"max-image-preview:large","max-video-preview":"max-video-preview:-1"},"canonical":"https:\/\/isostatika.com\/en\/projects\/attic-remodeling\/","og_locale":"en_US","og_type":"article","og_title":"Interior Attic Remodeling Project | ISOSTATIKA","og_description":"New open-plan space after removing a wooden pillar in an interior attic remodeling. Take a look at the project.","og_url":"https:\/\/isostatika.com\/en\/projects\/attic-remodeling\/","og_site_name":"ISOSTATIKA","article_modified_time":"2021-11-30T08:49:03+00:00","og_image":[{"width":534,"height":426,"url":"https:\/\/isostatika.com\/imagenes\/isostatika-proyecto-reforma-atico.jpg","type":"image\/jpeg"}],"twitter_card":"summary_large_image","twitter_misc":{"Est. reading time":"2 minutes"},"schema":{"@context":"https:\/\/schema.org","@graph":[{"@type":"WebPage","@id":"https:\/\/isostatika.com\/en\/projects\/attic-remodeling\/","url":"https:\/\/isostatika.com\/en\/projects\/attic-remodeling\/","name":"Interior Attic Remodeling Project | ISOSTATIKA","isPartOf":{"@id":"https:\/\/isostatika.com\/en\/#website"},"primaryImageOfPage":{"@id":"https:\/\/isostatika.com\/en\/projects\/attic-remodeling\/#primaryimage"},"image":{"@id":"https:\/\/isostatika.com\/en\/projects\/attic-remodeling\/#primaryimage"},"thumbnailUrl":"https:\/\/isostatika.com\/imagenes\/isostatika-proyecto-reforma-atico.jpg","datePublished":"2021-01-20T08:16:48+00:00","dateModified":"2021-11-30T08:49:03+00:00","description":"New open-plan space after removing a wooden pillar in an interior attic remodeling. Take a look at the project.","breadcrumb":{"@id":"https:\/\/isostatika.com\/en\/projects\/attic-remodeling\/#breadcrumb"},"inLanguage":"en-US","potentialAction":[{"@type":"ReadAction","target":["https:\/\/isostatika.com\/en\/projects\/attic-remodeling\/"]}]},{"@type":"ImageObject","inLanguage":"en-US","@id":"https:\/\/isostatika.com\/en\/projects\/attic-remodeling\/#primaryimage","url":"https:\/\/isostatika.com\/imagenes\/isostatika-proyecto-reforma-atico.jpg","contentUrl":"https:\/\/isostatika.com\/imagenes\/isostatika-proyecto-reforma-atico.jpg","width":534,"height":426,"caption":"Obra del Proyecto de Reforma en \u00e1tico en Isostatika"},{"@type":"BreadcrumbList","@id":"https:\/\/isostatika.com\/en\/projects\/attic-remodeling\/#breadcrumb","itemListElement":[{"@type":"ListItem","position":1,"name":"Home","item":"https:\/\/isostatika.com\/en\/"},{"@type":"ListItem","position":2,"name":"Projects","item":"https:\/\/isostatika.com\/en\/projects\/"},{"@type":"ListItem","position":3,"name":"Interior attic remodeling"}]},{"@type":"WebSite","@id":"https:\/\/isostatika.com\/en\/#website","url":"https:\/\/isostatika.com\/en\/","name":"ISOSTATIKA","description":"Consultor\u00eda y dise\u00f1o de estructuras","publisher":{"@id":"https:\/\/isostatika.com\/en\/#organization"},"potentialAction":[{"@type":"SearchAction","target":{"@type":"EntryPoint","urlTemplate":"https:\/\/isostatika.com\/en\/?s={search_term_string}"},"query-input":{"@type":"PropertyValueSpecification","valueRequired":true,"valueName":"search_term_string"}}],"inLanguage":"en-US"},{"@type":"Organization","@id":"https:\/\/isostatika.com\/en\/#organization","name":"Isostatika | Consultancy and calculation of architectural structure","url":"https:\/\/isostatika.com\/en\/","logo":{"@type":"ImageObject","inLanguage":"en-US","@id":"https:\/\/isostatika.com\/en\/#\/schema\/logo\/image\/","url":"https:\/\/isostatika.com\/imagenes\/isostatika-logo.png","contentUrl":"https:\/\/isostatika.com\/imagenes\/isostatika-logo.png","width":136,"height":38,"caption":"Isostatika | Consultancy and calculation of architectural structure"},"image":{"@id":"https:\/\/isostatika.com\/en\/#\/schema\/logo\/image\/"}}]}},"_links":{"self":[{"href":"https:\/\/isostatika.com\/en\/wp-json\/wp\/v2\/pages\/1627","targetHints":{"allow":["GET"]}}],"collection":[{"href":"https:\/\/isostatika.com\/en\/wp-json\/wp\/v2\/pages"}],"about":[{"href":"https:\/\/isostatika.com\/en\/wp-json\/wp\/v2\/types\/page"}],"author":[{"embeddable":true,"href":"https:\/\/isostatika.com\/en\/wp-json\/wp\/v2\/users\/5"}],"replies":[{"embeddable":true,"href":"https:\/\/isostatika.com\/en\/wp-json\/wp\/v2\/comments?post=1627"}],"version-history":[{"count":0,"href":"https:\/\/isostatika.com\/en\/wp-json\/wp\/v2\/pages\/1627\/revisions"}],"up":[{"embeddable":true,"href":"https:\/\/isostatika.com\/en\/wp-json\/wp\/v2\/pages\/1588"}],"wp:featuredmedia":[{"embeddable":true,"href":"https:\/\/isostatika.com\/en\/wp-json\/wp\/v2\/media\/321"}],"wp:attachment":[{"href":"https:\/\/isostatika.com\/en\/wp-json\/wp\/v2\/media?parent=1627"}],"curies":[{"name":"wp","href":"https:\/\/api.w.org\/{rel}","templated":true}]}}