{"id":1620,"date":"2021-01-20T08:04:16","date_gmt":"2021-01-20T08:04:16","guid":{"rendered":"https:\/\/isostatika.com\/projects\/santa-katalina\/"},"modified":"2021-11-30T08:50:00","modified_gmt":"2021-11-30T08:50:00","slug":"santa-katalina","status":"publish","type":"page","link":"https:\/\/isostatika.com\/en\/projects\/santa-katalina\/","title":{"rendered":"Apartments in Santa Katalina"},"content":{"rendered":"<section class=\"section hero hero-mini m-b-2\">\n<div class=\"container\">\n<div class=\"row\">\n<div class=\"col-md-12\">\n<h1>Apartments in Santa Katalina<\/h1>\n<div class=\"h2\">This project comprised a residential building with a ground and six superior floors, set between party walls on a trapezoidal plot previously occupied by a fishermen&#8217;s house. We opted for a one-way spanning slab system in situ as being most economical and practical.<\/p>\n<p>The housing program, the shape of the site and the setbacks required by regulations produced somewhat unbalanced lighting, leading us to use the screens in the stairwell and elevator for support. It was also necessary to use flat beams due to the height, and an additional metal structure on the top floor to comply with the setbacks.<\/p>\n<\/div>\n<\/div>\n<\/div>\n<\/div>\n<\/section>\n<section id=\"proyecto\" class=\"section proyectos m-t-2\">\n<div class=\"container\">\n<div class=\"row\">\n<div class=\"col-md-2\"><\/div>\n<div class=\"col-md-8\">\n<div class=\"owl-carousel owl-theme\">\n<div><img decoding=\"async\" class=\"entry-image\" src=\"https:\/\/isostatika.com\/imagenes\/isostatika-proyecto-santa-katalina.jpg\" alt=\"Proyecto: Viviendas en Santa Katalina | ISOSTATIKA\" width=\"100%\"><\/div>\n<div><img decoding=\"async\" class=\"entry-image\" src=\"https:\/\/isostatika.com\/imagenes\/isostatika-proyecto-santa-katalina-2.jpg\" alt=\"Proyecto: Viviendas en Santa Katalina | ISOSTATIKA\" width=\"100%\"><\/div>\n<div><img decoding=\"async\" class=\"entry-image\" src=\"https:\/\/isostatika.com\/imagenes\/isostatika-proyecto-santa-katalina-3.jpg\" alt=\"Proyecto: Viviendas en Santa Katalina | ISOSTATIKA\" width=\"100%\"><\/div>\n<div><img decoding=\"async\" class=\"entry-image\" src=\"https:\/\/isostatika.com\/imagenes\/isostatika-proyecto-santa-katalina-4.jpg\" alt=\"Proyecto: Viviendas en Santa Katalina | ISOSTATIKA\" width=\"100%\"><\/div>\n<div><img decoding=\"async\" class=\"entry-image\" src=\"https:\/\/isostatika.com\/imagenes\/isostatika-proyecto-santa-katalina-5.jpg\" alt=\"Proyecto: Viviendas en Santa Katalina | ISOSTATIKA\" width=\"100%\"><\/div>\n<div><img decoding=\"async\" class=\"entry-image\" src=\"https:\/\/isostatika.com\/imagenes\/isostatika-proyecto-santa-katalina-6.jpg\" alt=\"Proyecto: Viviendas en Santa Katalina | ISOSTATIKA\" width=\"100%\"><\/div>\n<div><img decoding=\"async\" class=\"entry-image\" src=\"https:\/\/isostatika.com\/imagenes\/isostatika-proyecto-santa-katalina-7.jpg\" alt=\"Proyecto: Viviendas en Santa Katalina | ISOSTATIKA\" width=\"100%\"><\/div>\n<\/div>\n<div class=\"owl-dots\"><\/div>\n<p class=\"entry-author\"><strong>Designer<\/strong> \/\/ Inazio Aldazabal Belakortu + I\u00f1igo Ib\u00e1\u00f1ez Udaondo<\/p>\n<ul class=\"entry-details\">\n<li><strong>Location<\/strong> \/\/ Mundaka<\/li>\n<li><strong>Structure builders<\/strong> \/\/ Elorrin<\/li>\n<li><strong>Year<\/strong> \/\/ 2019<\/li>\n<li><strong>Collaborator<\/strong> \/\/ Elixabete Lizarza Durruty<\/li>\n<li><strong>Photographer <\/strong> \/\/ Inazio Aldazabal<\/li>\n<li><strong>Build type<\/strong> \/\/  New build<\/li>\n<li><strong>Use<\/strong> \/\/ Residential<\/li>\n<li><strong>Period<\/strong> \/\/ 21st century<\/li>\n<li><strong>Structure type<\/strong> \/\/ Reinforced concrete + Steel + Foundation slab<\/li>\n<li><strong>Construction<\/strong> \/\/ One-way spanning slab + C30 + Marine environment + Elevator screens<\/li>\n<\/ul>\n<\/div>\n<div class=\"col-md-2\"><\/div>\n<\/div>\n<div class=\"row row-margin-top\">\n<div class=\"col-md-12 col-center\"><a class=\"text-link double-arrow\" href=\"https:\/\/isostatika.com\/en\/projects\/\">SEE ALL PROJECTS<\/a><\/div>\n<\/div>\n<\/div>\n<\/section>\n","protected":false},"excerpt":{"rendered":"<p>Apartments in Santa Katalina This project comprised a residential building with a ground and six superior floors, set between party walls on a trapezoidal plot [&hellip;]<\/p>\n","protected":false},"author":5,"featured_media":329,"parent":1588,"menu_order":0,"comment_status":"closed","ping_status":"closed","template":"","meta":{"footnotes":""},"class_list":["post-1620","page","type-page","status-publish","has-post-thumbnail","hentry"],"yoast_head":"<!-- This site is optimized with the Yoast SEO plugin v27.2 - https:\/\/yoast.com\/product\/yoast-seo-wordpress\/ -->\n<title>Santa Katalina Apartments Project | ISOSTATIKA<\/title>\n<meta name=\"description\" content=\"A residential building on a trapezoidal plot previously occupied by a fishermen&#039;s house. Take a look at the project.\" \/>\n<meta name=\"robots\" content=\"index, follow, max-snippet:-1, max-image-preview:large, max-video-preview:-1\" \/>\n<link rel=\"canonical\" href=\"https:\/\/isostatika.com\/en\/projects\/santa-katalina\/\" \/>\n<meta property=\"og:locale\" content=\"en_US\" \/>\n<meta property=\"og:type\" content=\"article\" \/>\n<meta property=\"og:title\" content=\"Santa Katalina Apartments Project | ISOSTATIKA\" \/>\n<meta property=\"og:description\" content=\"A residential building on a trapezoidal plot previously occupied by a fishermen&#039;s house. Take a look at the project.\" \/>\n<meta property=\"og:url\" content=\"https:\/\/isostatika.com\/en\/projects\/santa-katalina\/\" \/>\n<meta property=\"og:site_name\" content=\"ISOSTATIKA\" \/>\n<meta property=\"article:modified_time\" content=\"2021-11-30T08:50:00+00:00\" \/>\n<meta property=\"og:image\" content=\"https:\/\/isostatika.com\/imagenes\/isostatika-proyecto-santa-katalina.jpg\" \/>\n\t<meta property=\"og:image:width\" content=\"534\" \/>\n\t<meta property=\"og:image:height\" content=\"426\" \/>\n\t<meta property=\"og:image:type\" content=\"image\/jpeg\" \/>\n<meta name=\"twitter:card\" content=\"summary_large_image\" \/>\n<meta name=\"twitter:label1\" content=\"Est. reading time\" \/>\n\t<meta name=\"twitter:data1\" content=\"3 minutes\" \/>\n<script type=\"application\/ld+json\" class=\"yoast-schema-graph\">{\"@context\":\"https:\/\/schema.org\",\"@graph\":[{\"@type\":\"WebPage\",\"@id\":\"https:\/\/isostatika.com\/en\/projects\/santa-katalina\/\",\"url\":\"https:\/\/isostatika.com\/en\/projects\/santa-katalina\/\",\"name\":\"Santa Katalina Apartments Project | ISOSTATIKA\",\"isPartOf\":{\"@id\":\"https:\/\/isostatika.com\/en\/#website\"},\"primaryImageOfPage\":{\"@id\":\"https:\/\/isostatika.com\/en\/projects\/santa-katalina\/#primaryimage\"},\"image\":{\"@id\":\"https:\/\/isostatika.com\/en\/projects\/santa-katalina\/#primaryimage\"},\"thumbnailUrl\":\"https:\/\/isostatika.com\/imagenes\/isostatika-proyecto-santa-katalina.jpg\",\"datePublished\":\"2021-01-20T08:04:16+00:00\",\"dateModified\":\"2021-11-30T08:50:00+00:00\",\"description\":\"A residential building on a trapezoidal plot previously occupied by a fishermen's house. Take a look at the project.\",\"breadcrumb\":{\"@id\":\"https:\/\/isostatika.com\/en\/projects\/santa-katalina\/#breadcrumb\"},\"inLanguage\":\"en-US\",\"potentialAction\":[{\"@type\":\"ReadAction\",\"target\":[\"https:\/\/isostatika.com\/en\/projects\/santa-katalina\/\"]}]},{\"@type\":\"ImageObject\",\"inLanguage\":\"en-US\",\"@id\":\"https:\/\/isostatika.com\/en\/projects\/santa-katalina\/#primaryimage\",\"url\":\"https:\/\/isostatika.com\/imagenes\/isostatika-proyecto-santa-katalina.jpg\",\"contentUrl\":\"https:\/\/isostatika.com\/imagenes\/isostatika-proyecto-santa-katalina.jpg\",\"width\":534,\"height\":426,\"caption\":\"Resultado del Proyecto Santa Katalina en Isostatika\"},{\"@type\":\"BreadcrumbList\",\"@id\":\"https:\/\/isostatika.com\/en\/projects\/santa-katalina\/#breadcrumb\",\"itemListElement\":[{\"@type\":\"ListItem\",\"position\":1,\"name\":\"Home\",\"item\":\"https:\/\/isostatika.com\/en\/\"},{\"@type\":\"ListItem\",\"position\":2,\"name\":\"Projects\",\"item\":\"https:\/\/isostatika.com\/en\/projects\/\"},{\"@type\":\"ListItem\",\"position\":3,\"name\":\"Apartments in Santa Katalina\"}]},{\"@type\":\"WebSite\",\"@id\":\"https:\/\/isostatika.com\/en\/#website\",\"url\":\"https:\/\/isostatika.com\/en\/\",\"name\":\"ISOSTATIKA\",\"description\":\"Consultor\u00eda y dise\u00f1o de estructuras\",\"publisher\":{\"@id\":\"https:\/\/isostatika.com\/en\/#organization\"},\"potentialAction\":[{\"@type\":\"SearchAction\",\"target\":{\"@type\":\"EntryPoint\",\"urlTemplate\":\"https:\/\/isostatika.com\/en\/?s={search_term_string}\"},\"query-input\":{\"@type\":\"PropertyValueSpecification\",\"valueRequired\":true,\"valueName\":\"search_term_string\"}}],\"inLanguage\":\"en-US\"},{\"@type\":\"Organization\",\"@id\":\"https:\/\/isostatika.com\/en\/#organization\",\"name\":\"Isostatika | Consultancy and calculation of architectural structure\",\"url\":\"https:\/\/isostatika.com\/en\/\",\"logo\":{\"@type\":\"ImageObject\",\"inLanguage\":\"en-US\",\"@id\":\"https:\/\/isostatika.com\/en\/#\/schema\/logo\/image\/\",\"url\":\"https:\/\/isostatika.com\/imagenes\/isostatika-logo.png\",\"contentUrl\":\"https:\/\/isostatika.com\/imagenes\/isostatika-logo.png\",\"width\":136,\"height\":38,\"caption\":\"Isostatika | Consultancy and calculation of architectural structure\"},\"image\":{\"@id\":\"https:\/\/isostatika.com\/en\/#\/schema\/logo\/image\/\"}}]}<\/script>\n<!-- \/ Yoast SEO plugin. -->","yoast_head_json":{"title":"Santa Katalina Apartments Project | ISOSTATIKA","description":"A residential building on a trapezoidal plot previously occupied by a fishermen's house. Take a look at the project.","robots":{"index":"index","follow":"follow","max-snippet":"max-snippet:-1","max-image-preview":"max-image-preview:large","max-video-preview":"max-video-preview:-1"},"canonical":"https:\/\/isostatika.com\/en\/projects\/santa-katalina\/","og_locale":"en_US","og_type":"article","og_title":"Santa Katalina Apartments Project | ISOSTATIKA","og_description":"A residential building on a trapezoidal plot previously occupied by a fishermen's house. Take a look at the project.","og_url":"https:\/\/isostatika.com\/en\/projects\/santa-katalina\/","og_site_name":"ISOSTATIKA","article_modified_time":"2021-11-30T08:50:00+00:00","og_image":[{"width":534,"height":426,"url":"https:\/\/isostatika.com\/imagenes\/isostatika-proyecto-santa-katalina.jpg","type":"image\/jpeg"}],"twitter_card":"summary_large_image","twitter_misc":{"Est. reading time":"3 minutes"},"schema":{"@context":"https:\/\/schema.org","@graph":[{"@type":"WebPage","@id":"https:\/\/isostatika.com\/en\/projects\/santa-katalina\/","url":"https:\/\/isostatika.com\/en\/projects\/santa-katalina\/","name":"Santa Katalina Apartments Project | ISOSTATIKA","isPartOf":{"@id":"https:\/\/isostatika.com\/en\/#website"},"primaryImageOfPage":{"@id":"https:\/\/isostatika.com\/en\/projects\/santa-katalina\/#primaryimage"},"image":{"@id":"https:\/\/isostatika.com\/en\/projects\/santa-katalina\/#primaryimage"},"thumbnailUrl":"https:\/\/isostatika.com\/imagenes\/isostatika-proyecto-santa-katalina.jpg","datePublished":"2021-01-20T08:04:16+00:00","dateModified":"2021-11-30T08:50:00+00:00","description":"A residential building on a trapezoidal plot previously occupied by a fishermen's house. Take a look at the project.","breadcrumb":{"@id":"https:\/\/isostatika.com\/en\/projects\/santa-katalina\/#breadcrumb"},"inLanguage":"en-US","potentialAction":[{"@type":"ReadAction","target":["https:\/\/isostatika.com\/en\/projects\/santa-katalina\/"]}]},{"@type":"ImageObject","inLanguage":"en-US","@id":"https:\/\/isostatika.com\/en\/projects\/santa-katalina\/#primaryimage","url":"https:\/\/isostatika.com\/imagenes\/isostatika-proyecto-santa-katalina.jpg","contentUrl":"https:\/\/isostatika.com\/imagenes\/isostatika-proyecto-santa-katalina.jpg","width":534,"height":426,"caption":"Resultado del Proyecto Santa Katalina en Isostatika"},{"@type":"BreadcrumbList","@id":"https:\/\/isostatika.com\/en\/projects\/santa-katalina\/#breadcrumb","itemListElement":[{"@type":"ListItem","position":1,"name":"Home","item":"https:\/\/isostatika.com\/en\/"},{"@type":"ListItem","position":2,"name":"Projects","item":"https:\/\/isostatika.com\/en\/projects\/"},{"@type":"ListItem","position":3,"name":"Apartments in Santa Katalina"}]},{"@type":"WebSite","@id":"https:\/\/isostatika.com\/en\/#website","url":"https:\/\/isostatika.com\/en\/","name":"ISOSTATIKA","description":"Consultor\u00eda y dise\u00f1o de estructuras","publisher":{"@id":"https:\/\/isostatika.com\/en\/#organization"},"potentialAction":[{"@type":"SearchAction","target":{"@type":"EntryPoint","urlTemplate":"https:\/\/isostatika.com\/en\/?s={search_term_string}"},"query-input":{"@type":"PropertyValueSpecification","valueRequired":true,"valueName":"search_term_string"}}],"inLanguage":"en-US"},{"@type":"Organization","@id":"https:\/\/isostatika.com\/en\/#organization","name":"Isostatika | Consultancy and calculation of architectural structure","url":"https:\/\/isostatika.com\/en\/","logo":{"@type":"ImageObject","inLanguage":"en-US","@id":"https:\/\/isostatika.com\/en\/#\/schema\/logo\/image\/","url":"https:\/\/isostatika.com\/imagenes\/isostatika-logo.png","contentUrl":"https:\/\/isostatika.com\/imagenes\/isostatika-logo.png","width":136,"height":38,"caption":"Isostatika | Consultancy and calculation of architectural structure"},"image":{"@id":"https:\/\/isostatika.com\/en\/#\/schema\/logo\/image\/"}}]}},"_links":{"self":[{"href":"https:\/\/isostatika.com\/en\/wp-json\/wp\/v2\/pages\/1620","targetHints":{"allow":["GET"]}}],"collection":[{"href":"https:\/\/isostatika.com\/en\/wp-json\/wp\/v2\/pages"}],"about":[{"href":"https:\/\/isostatika.com\/en\/wp-json\/wp\/v2\/types\/page"}],"author":[{"embeddable":true,"href":"https:\/\/isostatika.com\/en\/wp-json\/wp\/v2\/users\/5"}],"replies":[{"embeddable":true,"href":"https:\/\/isostatika.com\/en\/wp-json\/wp\/v2\/comments?post=1620"}],"version-history":[{"count":0,"href":"https:\/\/isostatika.com\/en\/wp-json\/wp\/v2\/pages\/1620\/revisions"}],"up":[{"embeddable":true,"href":"https:\/\/isostatika.com\/en\/wp-json\/wp\/v2\/pages\/1588"}],"wp:featuredmedia":[{"embeddable":true,"href":"https:\/\/isostatika.com\/en\/wp-json\/wp\/v2\/media\/329"}],"wp:attachment":[{"href":"https:\/\/isostatika.com\/en\/wp-json\/wp\/v2\/media?parent=1620"}],"curies":[{"name":"wp","href":"https:\/\/api.w.org\/{rel}","templated":true}]}}