{"id":1617,"date":"2021-01-20T07:57:54","date_gmt":"2021-01-20T07:57:54","guid":{"rendered":"https:\/\/isostatika.com\/projects\/caserio-loitzate\/"},"modified":"2021-11-30T08:47:24","modified_gmt":"2021-11-30T08:47:24","slug":"loitzate-farmhouse","status":"publish","type":"page","link":"https:\/\/isostatika.com\/en\/projects\/loitzate-farmhouse\/","title":{"rendered":"Reconstruction of Loitzate Farmhouse"},"content":{"rendered":"<section class=\"section hero hero-mini m-b-2\">\n<div class=\"container\">\n<div class=\"row\">\n<div class=\"col-md-12\">\n<h1>Reconstruction of Loitzate Farmhouse<\/h1>\n<div class=\"h2\">The north wall of the farmhouse had collapsed due to a combination of meteorological factors and successive human interventions carried out on the structure over its lifetime. This also brought down most of the roof.<br \/>\nThe farmhouse, constructed over several periods, is of undoubted heritage value. It features a stone \u2018carrejo\u2019 concourse for Basque games to the front and an original double-arched arcade, as well as a central double pillar beneath the ridge-piece, typical of cider-mill \u2018lagar\u2019 farmhouses.<\/p>\n<p>The reconstruction was carried out using artisanal construction techniques, appropriate to the farmhouse\u2019s system of construction (including walls free from the wooden structure, mortise and tenon joints in wood, traditional double-wythe masonry, bastard mortar with lime) and laminated wood was selected as a base material to contrast with the original structure of the farmhouse (hardwood of various periods). The wooden structure was implemented by Anaiak S. L. and the stonework by Javier Devesa.<\/p>\n<\/div>\n<\/div>\n<\/div>\n<\/div>\n<\/section>\n<section id=\"proyecto\" class=\"section proyectos m-t-2\">\n<div class=\"container\">\n<div class=\"row\">\n<div class=\"col-md-2\"><\/div>\n<div class=\"col-md-8\">\n<div class=\"owl-carousel owl-theme\">\n<div><img decoding=\"async\" class=\"entry-image\" src=\"https:\/\/isostatika.com\/imagenes\/isostatika-proyecto-caserio-loitzate.jpg\" alt=\"Proyecto: Reconstrucci\u00f3n caser\u00edo Loitzate | ISOSTATIKA\" width=\"100%\"><\/div>\n<div><img decoding=\"async\" class=\"entry-image\" src=\"https:\/\/isostatika.com\/imagenes\/isostatika-proyecto-caserio-loitzate-2.jpg\" alt=\"Proyecto: Reconstrucci\u00f3n caser\u00edo Loitzate | ISOSTATIKA\" width=\"100%\"><\/div>\n<div><img decoding=\"async\" class=\"entry-image\" src=\"https:\/\/isostatika.com\/imagenes\/isostatika-proyecto-caserio-loitzate-3.jpg\" alt=\"Proyecto: Reconstrucci\u00f3n caser\u00edo Loitzate | ISOSTATIKA\" width=\"100%\"><\/div>\n<div><img decoding=\"async\" class=\"entry-image\" src=\"https:\/\/isostatika.com\/imagenes\/isostatika-proyecto-caserio-loitzate-4.jpg\" alt=\"Proyecto: Reconstrucci\u00f3n caser\u00edo Loitzate | ISOSTATIKA\" width=\"100%\"><\/div>\n<div><img decoding=\"async\" class=\"entry-image\" src=\"https:\/\/isostatika.com\/imagenes\/isostatika-proyecto-caserio-loitzate-5.jpg\" alt=\"Proyecto: Reconstrucci\u00f3n caser\u00edo Loitzate | ISOSTATIKA\" width=\"100%\"><\/div>\n<div><img decoding=\"async\" class=\"entry-image\" src=\"https:\/\/isostatika.com\/imagenes\/isostatika-proyecto-caserio-loitzate-6.jpg\" alt=\"Proyecto: Reconstrucci\u00f3n caser\u00edo Loitzate | ISOSTATIKA\" width=\"100%\"><\/div>\n<div><img decoding=\"async\" class=\"entry-image\" src=\"https:\/\/isostatika.com\/imagenes\/isostatika-proyecto-caserio-loitzate-7.jpg\" alt=\"Proyecto: Reconstrucci\u00f3n caser\u00edo Loitzate | ISOSTATIKA\" width=\"100%\"><\/div>\n<div><img decoding=\"async\" class=\"entry-image\" src=\"https:\/\/isostatika.com\/imagenes\/isostatika-proyecto-caserio-loitzate-8.jpg\" alt=\"Proyecto: Reconstrucci\u00f3n caser\u00edo Loitzate | ISOSTATIKA\" width=\"100%\"><\/div>\n<div><img decoding=\"async\" class=\"entry-image\" src=\"https:\/\/isostatika.com\/imagenes\/isostatika-proyecto-caserio-loitzate-9.jpg\" alt=\"Proyecto: Reconstrucci\u00f3n caser\u00edo Loitzate | ISOSTATIKA\" width=\"100%\"><\/div>\n<div><img decoding=\"async\" class=\"entry-image\" src=\"https:\/\/isostatika.com\/imagenes\/isostatika-proyecto-caserio-loitzate-10.jpg\" alt=\"Proyecto: Reconstrucci\u00f3n caser\u00edo Loitzate | ISOSTATIKA\" width=\"100%\"><\/div>\n<\/div>\n<div class=\"owl-dots\"><\/div>\n<p class=\"entry-author\"><strong>Designer<\/strong> \/\/ Jon Ortiz Larrinaga + I\u00f1igo Ib\u00e1\u00f1ez Udaondo<\/p>\n<ul class=\"entry-details\">\n<li><strong>Location<\/strong> \/\/ Berriz<\/li>\n<li><strong>Structure builders<\/strong>&nbsp;\/\/ Anaiak + Javier Devesa<\/li>\n<li><strong>Year<\/strong> \/\/ 2014<\/li>\n<li><b>Photography<\/b>\/\/ Hibai Agorria<\/li>\n<li><strong>Use <\/strong> \/\/ Residential<\/li>\n<li><strong>Period<\/strong> \/\/ 16th century<\/li>\n<li><strong>Build type<\/strong> \/\/ Reconstruction + Rehabilitation + Heritage<\/li>\n<li><strong>Architecture <\/strong> \/\/ Traditional architecture + Double-arched arcade + Biscay farmhouse + Heritage<\/li>\n<li><strong>Structure type<\/strong> \/\/ Wood + Laminated wood + Walling + Stone<\/li>\n<li><strong>Construction<\/strong> \/\/ Traditional wood construction + Carpentered joints + Stonemasonry + Wood cracks + Collapse + Structural stability + Bastard mortar<\/li>\n<\/ul>\n<\/div>\n<div class=\"col-md-2\"><\/div>\n<\/div>\n<div class=\"row row-margin-top\">\n<div class=\"col-md-12 col-center\"><a class=\"text-link double-arrow\" href=\"https:\/\/isostatika.com\/proyectos\/\">SEE ALL PROJECTS<\/a><\/div>\n<\/div>\n<\/div>\n<\/section>\n","protected":false},"excerpt":{"rendered":"<p>Reconstruction of Loitzate Farmhouse The north wall of the farmhouse had collapsed due to a combination of meteorological factors and successive human interventions carried out [&hellip;]<\/p>\n","protected":false},"author":5,"featured_media":333,"parent":1588,"menu_order":0,"comment_status":"closed","ping_status":"closed","template":"","meta":{"footnotes":""},"class_list":["post-1617","page","type-page","status-publish","has-post-thumbnail","hentry"],"yoast_head":"<!-- This site is optimized with the Yoast SEO plugin v27.2 - https:\/\/yoast.com\/product\/yoast-seo-wordpress\/ -->\n<title>Loitzate Farmhouse Reconstruction Project | ISOSTATIKA<\/title>\n<meta name=\"description\" content=\"The reconstruction was carried out using artisanal construction techniques, appropriate to its system of construction.\" \/>\n<meta name=\"robots\" content=\"index, follow, max-snippet:-1, max-image-preview:large, max-video-preview:-1\" \/>\n<link rel=\"canonical\" href=\"https:\/\/isostatika.com\/en\/projects\/loitzate-farmhouse\/\" \/>\n<meta property=\"og:locale\" content=\"en_US\" \/>\n<meta property=\"og:type\" content=\"article\" \/>\n<meta property=\"og:title\" content=\"Loitzate Farmhouse Reconstruction Project | ISOSTATIKA\" \/>\n<meta property=\"og:description\" content=\"The reconstruction was carried out using artisanal construction techniques, appropriate to its system of construction.\" \/>\n<meta property=\"og:url\" content=\"https:\/\/isostatika.com\/en\/projects\/loitzate-farmhouse\/\" \/>\n<meta property=\"og:site_name\" content=\"ISOSTATIKA\" \/>\n<meta property=\"article:modified_time\" content=\"2021-11-30T08:47:24+00:00\" \/>\n<meta property=\"og:image\" content=\"https:\/\/isostatika.com\/imagenes\/isostatika-proyecto-caserio-loitzate.jpg\" \/>\n\t<meta property=\"og:image:width\" content=\"534\" \/>\n\t<meta property=\"og:image:height\" content=\"426\" \/>\n\t<meta property=\"og:image:type\" content=\"image\/jpeg\" \/>\n<meta name=\"twitter:card\" content=\"summary_large_image\" \/>\n<meta name=\"twitter:label1\" content=\"Est. reading time\" \/>\n\t<meta name=\"twitter:data1\" content=\"3 minutes\" \/>\n<script type=\"application\/ld+json\" class=\"yoast-schema-graph\">{\"@context\":\"https:\/\/schema.org\",\"@graph\":[{\"@type\":\"WebPage\",\"@id\":\"https:\/\/isostatika.com\/en\/projects\/loitzate-farmhouse\/\",\"url\":\"https:\/\/isostatika.com\/en\/projects\/loitzate-farmhouse\/\",\"name\":\"Loitzate Farmhouse Reconstruction Project | ISOSTATIKA\",\"isPartOf\":{\"@id\":\"https:\/\/isostatika.com\/en\/#website\"},\"primaryImageOfPage\":{\"@id\":\"https:\/\/isostatika.com\/en\/projects\/loitzate-farmhouse\/#primaryimage\"},\"image\":{\"@id\":\"https:\/\/isostatika.com\/en\/projects\/loitzate-farmhouse\/#primaryimage\"},\"thumbnailUrl\":\"https:\/\/isostatika.com\/imagenes\/isostatika-proyecto-caserio-loitzate.jpg\",\"datePublished\":\"2021-01-20T07:57:54+00:00\",\"dateModified\":\"2021-11-30T08:47:24+00:00\",\"description\":\"The reconstruction was carried out using artisanal construction techniques, appropriate to its system of construction.\",\"breadcrumb\":{\"@id\":\"https:\/\/isostatika.com\/en\/projects\/loitzate-farmhouse\/#breadcrumb\"},\"inLanguage\":\"en-US\",\"potentialAction\":[{\"@type\":\"ReadAction\",\"target\":[\"https:\/\/isostatika.com\/en\/projects\/loitzate-farmhouse\/\"]}]},{\"@type\":\"ImageObject\",\"inLanguage\":\"en-US\",\"@id\":\"https:\/\/isostatika.com\/en\/projects\/loitzate-farmhouse\/#primaryimage\",\"url\":\"https:\/\/isostatika.com\/imagenes\/isostatika-proyecto-caserio-loitzate.jpg\",\"contentUrl\":\"https:\/\/isostatika.com\/imagenes\/isostatika-proyecto-caserio-loitzate.jpg\",\"width\":534,\"height\":426,\"caption\":\"Resultado del Proyecto de Reforma del Caserio Loitzate\"},{\"@type\":\"BreadcrumbList\",\"@id\":\"https:\/\/isostatika.com\/en\/projects\/loitzate-farmhouse\/#breadcrumb\",\"itemListElement\":[{\"@type\":\"ListItem\",\"position\":1,\"name\":\"Home\",\"item\":\"https:\/\/isostatika.com\/en\/\"},{\"@type\":\"ListItem\",\"position\":2,\"name\":\"Projects\",\"item\":\"https:\/\/isostatika.com\/en\/projects\/\"},{\"@type\":\"ListItem\",\"position\":3,\"name\":\"Reconstruction of Loitzate Farmhouse\"}]},{\"@type\":\"WebSite\",\"@id\":\"https:\/\/isostatika.com\/en\/#website\",\"url\":\"https:\/\/isostatika.com\/en\/\",\"name\":\"ISOSTATIKA\",\"description\":\"Consultor\u00eda y dise\u00f1o de estructuras\",\"publisher\":{\"@id\":\"https:\/\/isostatika.com\/en\/#organization\"},\"potentialAction\":[{\"@type\":\"SearchAction\",\"target\":{\"@type\":\"EntryPoint\",\"urlTemplate\":\"https:\/\/isostatika.com\/en\/?s={search_term_string}\"},\"query-input\":{\"@type\":\"PropertyValueSpecification\",\"valueRequired\":true,\"valueName\":\"search_term_string\"}}],\"inLanguage\":\"en-US\"},{\"@type\":\"Organization\",\"@id\":\"https:\/\/isostatika.com\/en\/#organization\",\"name\":\"Isostatika | Consultancy and calculation of architectural structure\",\"url\":\"https:\/\/isostatika.com\/en\/\",\"logo\":{\"@type\":\"ImageObject\",\"inLanguage\":\"en-US\",\"@id\":\"https:\/\/isostatika.com\/en\/#\/schema\/logo\/image\/\",\"url\":\"https:\/\/isostatika.com\/imagenes\/isostatika-logo.png\",\"contentUrl\":\"https:\/\/isostatika.com\/imagenes\/isostatika-logo.png\",\"width\":136,\"height\":38,\"caption\":\"Isostatika | Consultancy and calculation of architectural structure\"},\"image\":{\"@id\":\"https:\/\/isostatika.com\/en\/#\/schema\/logo\/image\/\"}}]}<\/script>\n<!-- \/ Yoast SEO plugin. -->","yoast_head_json":{"title":"Loitzate Farmhouse Reconstruction Project | ISOSTATIKA","description":"The reconstruction was carried out using artisanal construction techniques, appropriate to its system of construction.","robots":{"index":"index","follow":"follow","max-snippet":"max-snippet:-1","max-image-preview":"max-image-preview:large","max-video-preview":"max-video-preview:-1"},"canonical":"https:\/\/isostatika.com\/en\/projects\/loitzate-farmhouse\/","og_locale":"en_US","og_type":"article","og_title":"Loitzate Farmhouse Reconstruction Project | ISOSTATIKA","og_description":"The reconstruction was carried out using artisanal construction techniques, appropriate to its system of construction.","og_url":"https:\/\/isostatika.com\/en\/projects\/loitzate-farmhouse\/","og_site_name":"ISOSTATIKA","article_modified_time":"2021-11-30T08:47:24+00:00","og_image":[{"width":534,"height":426,"url":"https:\/\/isostatika.com\/imagenes\/isostatika-proyecto-caserio-loitzate.jpg","type":"image\/jpeg"}],"twitter_card":"summary_large_image","twitter_misc":{"Est. reading time":"3 minutes"},"schema":{"@context":"https:\/\/schema.org","@graph":[{"@type":"WebPage","@id":"https:\/\/isostatika.com\/en\/projects\/loitzate-farmhouse\/","url":"https:\/\/isostatika.com\/en\/projects\/loitzate-farmhouse\/","name":"Loitzate Farmhouse Reconstruction Project | ISOSTATIKA","isPartOf":{"@id":"https:\/\/isostatika.com\/en\/#website"},"primaryImageOfPage":{"@id":"https:\/\/isostatika.com\/en\/projects\/loitzate-farmhouse\/#primaryimage"},"image":{"@id":"https:\/\/isostatika.com\/en\/projects\/loitzate-farmhouse\/#primaryimage"},"thumbnailUrl":"https:\/\/isostatika.com\/imagenes\/isostatika-proyecto-caserio-loitzate.jpg","datePublished":"2021-01-20T07:57:54+00:00","dateModified":"2021-11-30T08:47:24+00:00","description":"The reconstruction was carried out using artisanal construction techniques, appropriate to its system of construction.","breadcrumb":{"@id":"https:\/\/isostatika.com\/en\/projects\/loitzate-farmhouse\/#breadcrumb"},"inLanguage":"en-US","potentialAction":[{"@type":"ReadAction","target":["https:\/\/isostatika.com\/en\/projects\/loitzate-farmhouse\/"]}]},{"@type":"ImageObject","inLanguage":"en-US","@id":"https:\/\/isostatika.com\/en\/projects\/loitzate-farmhouse\/#primaryimage","url":"https:\/\/isostatika.com\/imagenes\/isostatika-proyecto-caserio-loitzate.jpg","contentUrl":"https:\/\/isostatika.com\/imagenes\/isostatika-proyecto-caserio-loitzate.jpg","width":534,"height":426,"caption":"Resultado del Proyecto de Reforma del Caserio Loitzate"},{"@type":"BreadcrumbList","@id":"https:\/\/isostatika.com\/en\/projects\/loitzate-farmhouse\/#breadcrumb","itemListElement":[{"@type":"ListItem","position":1,"name":"Home","item":"https:\/\/isostatika.com\/en\/"},{"@type":"ListItem","position":2,"name":"Projects","item":"https:\/\/isostatika.com\/en\/projects\/"},{"@type":"ListItem","position":3,"name":"Reconstruction of Loitzate Farmhouse"}]},{"@type":"WebSite","@id":"https:\/\/isostatika.com\/en\/#website","url":"https:\/\/isostatika.com\/en\/","name":"ISOSTATIKA","description":"Consultor\u00eda y dise\u00f1o de estructuras","publisher":{"@id":"https:\/\/isostatika.com\/en\/#organization"},"potentialAction":[{"@type":"SearchAction","target":{"@type":"EntryPoint","urlTemplate":"https:\/\/isostatika.com\/en\/?s={search_term_string}"},"query-input":{"@type":"PropertyValueSpecification","valueRequired":true,"valueName":"search_term_string"}}],"inLanguage":"en-US"},{"@type":"Organization","@id":"https:\/\/isostatika.com\/en\/#organization","name":"Isostatika | Consultancy and calculation of architectural structure","url":"https:\/\/isostatika.com\/en\/","logo":{"@type":"ImageObject","inLanguage":"en-US","@id":"https:\/\/isostatika.com\/en\/#\/schema\/logo\/image\/","url":"https:\/\/isostatika.com\/imagenes\/isostatika-logo.png","contentUrl":"https:\/\/isostatika.com\/imagenes\/isostatika-logo.png","width":136,"height":38,"caption":"Isostatika | Consultancy and calculation of architectural structure"},"image":{"@id":"https:\/\/isostatika.com\/en\/#\/schema\/logo\/image\/"}}]}},"_links":{"self":[{"href":"https:\/\/isostatika.com\/en\/wp-json\/wp\/v2\/pages\/1617","targetHints":{"allow":["GET"]}}],"collection":[{"href":"https:\/\/isostatika.com\/en\/wp-json\/wp\/v2\/pages"}],"about":[{"href":"https:\/\/isostatika.com\/en\/wp-json\/wp\/v2\/types\/page"}],"author":[{"embeddable":true,"href":"https:\/\/isostatika.com\/en\/wp-json\/wp\/v2\/users\/5"}],"replies":[{"embeddable":true,"href":"https:\/\/isostatika.com\/en\/wp-json\/wp\/v2\/comments?post=1617"}],"version-history":[{"count":0,"href":"https:\/\/isostatika.com\/en\/wp-json\/wp\/v2\/pages\/1617\/revisions"}],"up":[{"embeddable":true,"href":"https:\/\/isostatika.com\/en\/wp-json\/wp\/v2\/pages\/1588"}],"wp:featuredmedia":[{"embeddable":true,"href":"https:\/\/isostatika.com\/en\/wp-json\/wp\/v2\/media\/333"}],"wp:attachment":[{"href":"https:\/\/isostatika.com\/en\/wp-json\/wp\/v2\/media?parent=1617"}],"curies":[{"name":"wp","href":"https:\/\/api.w.org\/{rel}","templated":true}]}}