{"id":1593,"date":"2021-01-13T15:54:20","date_gmt":"2021-01-13T15:54:20","guid":{"rendered":"https:\/\/isostatika.com\/quienes-somos\/"},"modified":"2021-12-01T08:19:39","modified_gmt":"2021-12-01T08:19:39","slug":"who-we-are","status":"publish","type":"page","link":"https:\/\/isostatika.com\/en\/who-we-are\/","title":{"rendered":"Who we are"},"content":{"rendered":"<section class=\"section hero alt-quienes-somos\">\n<div class=\"container container-xl\">\n<div class=\"row\">\n<div class=\"col-md-12\"><video class=\"section-hero-video\" poster=\"https:\/\/isostatika.com\/imagenes\/video-corto-quienes-somos-preview.jpg\" autoplay=\"autoplay\" loop=\"loop\" muted=\"\" width=\"100%\" height=\"150\"><source src=\"https:\/\/isostatika.com\/imagenes\/video-corto-quienes-somos.mp4\" type=\"video\/mp4\"><img decoding=\"async\" class=\"logo-hero\" src=\"https:\/\/isostatika.com\/imagenes\/video-corto-quienes-somos-preview.jpg\" alt=\"Qui\u00e9nes somos | ISOSTATIKA\"><\/video><\/p>\n<h1><b>Who we are<\/b><\/h1>\n<div class=\"h2\">ISOSTATIKA is a Structure Design and Research studio es un estudio de Dise\u00f1o e Investigaci\u00f3n de Estructuras established by architects with a wide network of collaborators, founded in 2020<\/div>\n<div class=\"hero-cta\">\n<ul>\n<li><a class=\"text-link double-arrow\" href=\"#nosotros\"><span class=\"double-arrow-span\">About us<\/span><\/a><\/li>\n<li><a class=\"text-link double-arrow\" href=\"#expertise\"><span class=\"double-arrow-span\">Expertise<\/span><\/a><\/li>\n<li><a class=\"text-link double-arrow\" href=\"#hiring\"><span class=\"double-arrow-span\">We are Hiring<\/span><\/a><\/li>\n<li><a class=\"text-link double-arrow\" href=\"#green\"><span class=\"double-arrow-span\">Isostatika Green<\/span><\/a><\/li>\n<\/ul>\n<\/div>\n<\/div>\n<\/div>\n<\/div>\n<\/section>\n<section id=\"nosotros\" class=\"section\">\n<div class=\"container\">\n<div class=\"row\">\n<div class=\"col-md-12 col-center\">\n<h2 class=\"section-title\">About us<\/h2>\n<\/div>\n<\/div>\n<div class=\"row row-top\">\n<div class=\"col-md-1\"><\/div>\n<div class=\"col-md-4\"><img decoding=\"async\" class=\"entry-image\" src=\"https:\/\/isostatika.com\/imagenes\/isostatika-inigo-ibanez.jpg\" alt=\"I\u00f1igo Iba\u00f1ez Udaondo | Socio \u00b7 Director | ISOSTATIKA\" width=\"auto\"><\/p>\n<p class=\"entry-title\">I\u00f1igo Iba\u00f1ez Udaondo <span class=\"entry-subtitle\">| Partner \u00b7 Director<\/span><\/p>\n<p>Architect accredited by ETSASS \u2013 EHU\/UPV 2004<\/p>\n<p>Intervention in Historic Town Centers for the EU PAGUS program, Granada 2006<\/p>\n<p>Postgraduate studies: Master\u2019s in Building Structures, Polytechnic University of Madrid, 2016<\/p>\n<p><strong>Charter no. 3998 COAVN<\/strong><\/p>\n<\/div>\n<div class=\"col-md-2\"><\/div>\n<div class=\"col-md-4\"><img decoding=\"async\" class=\"entry-image\" src=\"https:\/\/isostatika.com\/imagenes\/isostatika-soraya-moreno.jpg\" alt=\"Soraya Moreno Banda| Socia \u00b7 Jefa de Producci\u00f3n | ISOSTATIKA\" width=\"auto\"><\/p>\n<p class=\"entry-title\">Soraya Moreno Banda <span class=\"entry-subtitle\">| Partner \u00b7 Head of Production<\/span><\/p>\n<p>Architect accredited by ETSAM \u2013 UPM 2014 (specialized in Restoration and Conservation of Architectural Heritage)<\/p>\n<p>Master\u2019s in Building Structures, Polytechnic University of Madrid, 2016<\/p>\n<p>Master\u2019s in Wooden Structures, Construction and Design, UPV\/EHU 2020<\/p>\n<p><strong>Charter no. 5551 COAVN<\/strong><\/p>\n<\/div>\n<div class=\"col-md-1\"><\/div>\n<\/div>\n<\/div>\n<\/section>\n<section id=\"lenguaje\" class=\"section\">\n<div class=\"container\">\n<div class=\"row\">\n<div class=\"col-md-2\"><\/div>\n<div class=\"col-md-8\">\n<h2 class=\"section-title\">Structures that speak your projects\u2019 language<\/h2>\n<p><a class=\"video-player lightbox_trigger\" href=\"https:\/\/isostatika.com\/imagenes\/video-proyecto-isostatika.mp4\"><img decoding=\"async\" src=\"https:\/\/isostatika.com\/imagenes\/video-quienes-somos-preview.jpg\" alt=\"Video dise\u00f1o y c\u00e1lculo | ISOSTATIKA\" width=\"100%\"><span class=\"btn video-player-btn\">\u25ba<\/span><\/a><\/p>\n<p>We like our clients&#8217; works to become reality and that is why our mission is to offer architects and developers simple, coherent and easily buildable structures.<\/p>\n<p>We also want our structures to be balanced within their context and respectful of the environment.<\/p>\n<p>For this reason, our values are clarity, efficiency and balance, understood in a context in which knowledge and continuous training are essential.<\/p>\n<\/div>\n<div class=\"col-md-2\"><\/div>\n<\/div>\n<div class=\"row\">\n<div class=\"col-md-12 col-center\">\n<div class=\"section-cta\"><a class=\"btn btn-primary arrow-left\" href=\"#contactar\">Contact us<\/a><\/div>\n<\/div>\n<\/div>\n<\/div>\n<\/section>\n<section id=\"expertise\" class=\"section\">\n<div class=\"container\">\n<div class=\"row\">\n<div class=\"col-md-6 col-section-image\"><img decoding=\"async\" class=\"img-xl\" src=\"https:\/\/isostatika.com\/imagenes\/expertise-quienes-somos.jpg\" alt=\"Expertise | ISOSTATIKA\" width=\"100%\"><img decoding=\"async\" class=\"img-s\" src=\"https:\/\/isostatika.com\/imagenes\/expertise-quienes-somos-mobile.jpg\" alt=\"Expertise | ISOSTATIKA\" width=\"100%\"><\/div>\n<div class=\"col-md-6 col-right\">\n<h2 class=\"section-title\">Expertise<\/h2>\n<p>Before calculating for a structure, you must understand it. At ISOSTATIKA we dedicate ourselves above all to understanding the behavior of structures and designing them; we calculate for them only once we know how they will work.<\/p>\n<p>We are experts in understanding structures and construction systems, current and past, and that allows us to create signature structures, suitable for each project, be it rehabilitation or a new build.<\/p>\n<p>Our specialty is in designing without programs, because structures not only need calculations, but also to be understood and designed.<\/p>\n<div class=\"section-cta\"><a class=\"btn btn-primary arrow-right\" href=\"#contactar\">Contact us<\/a><\/div>\n<\/div>\n<\/div>\n<\/div>\n<\/section>\n<section id=\"hiring\" class=\"section\">\n<div class=\"container\">\n<div class=\"row\">\n<div class=\"col-md-12 col-center\">\n<h2 class=\"section-title\">We are Hiring<\/h2>\n<\/div>\n<\/div>\n<div class=\"row\">\n<div class=\"col-md-2\"><\/div>\n<div class=\"col-md-8\"><a class=\"video-player lightbox_trigger\" href=\"https:\/\/isostatika.com\/imagenes\/video-we-are-hiring.mp4\"><img decoding=\"async\" src=\"https:\/\/isostatika.com\/imagenes\/video-we-are-hiring-preview.jpg\" alt=\"Video dise\u00f1o y c\u00e1lculo | ISOSTATIKA\" width=\"100%\"><span class=\"btn video-player-btn\">\u25ba<\/span><\/a><\/p>\n<p>If you share our interests, don\u2019t hesitate to get in touch.<br \/>\nWe want to hear from you.<\/p>\n<\/div>\n<div class=\"col-md-2\"><\/div>\n<\/div>\n<div class=\"row\">\n<div class=\"col-md-12 col-center\">\n<div class=\"section-cta\"><a class=\"btn btn-primary arrow-left\" href=\"#contactar\">Send us your CV<\/a><\/div>\n<\/div>\n<\/div>\n<\/div>\n<\/section>\n<section id=\"green\" class=\"section\">\n<div class=\"container\">\n<div class=\"row\">\n<div class=\"col-md-6 col-left\">\n<h2 class=\"section-title\">Isostatika Green<\/h2>\n<p>To ensure that our structures are environmentally balanced and eco-friendly, we measure our designs\u2019 CO2 emissions.<\/p>\n<p>We are seeking to reduce our structures\u2019 emissions by 20% over the 2020-2023 period by optimizing their design.<\/p>\n<p>Annual results will be published on the blog, broken down by type of build and material.<\/p>\n<div class=\"section-cta\"><!--a class=\"btn btn-primary arrow-left\" href=\"https:\/\/isostatika.com\/blog\/cat\/isostatika-green\/\">See CO2 emissions<\/a--><\/div>\n<\/div>\n<div class=\"col-md-6 col-section-image\"><img decoding=\"async\" class=\"img-xl\" src=\"https:\/\/isostatika.com\/imagenes\/isostatika-green.jpg\" alt=\"Consultor\u00eda e investigaci\u00f3n de patolog\u00edas | ISOSTATIKA\" width=\"100%\"><img decoding=\"async\" class=\"img-s\" src=\"https:\/\/isostatika.com\/imagenes\/isostatika-green-mini.jpg\" alt=\"Consultor\u00eda e investigaci\u00f3n de patolog\u00edas | ISOSTATIKA\" width=\"100%\"><\/div>\n<\/div>\n<\/div>\n<\/section>\n","protected":false},"excerpt":{"rendered":"<p>Who we are ISOSTATIKA is a Structure Design and Research studio es un estudio de Dise\u00f1o e Investigaci\u00f3n de Estructuras established by architects with a [&hellip;]<\/p>\n","protected":false},"author":5,"featured_media":0,"parent":0,"menu_order":0,"comment_status":"closed","ping_status":"closed","template":"","meta":{"footnotes":""},"class_list":["post-1593","page","type-page","status-publish","hentry"],"yoast_head":"<!-- This site is optimized with the Yoast SEO plugin v27.2 - https:\/\/yoast.com\/product\/yoast-seo-wordpress\/ -->\n<title>Who we are \u2013 About us | ISOSTATIKA<\/title>\n<meta name=\"description\" content=\"Isostatika specializes in Structure Design and Research. Our mission is to offer architects and developers simple and coherent structures.\" \/>\n<meta name=\"robots\" content=\"index, follow, max-snippet:-1, max-image-preview:large, max-video-preview:-1\" \/>\n<link rel=\"canonical\" href=\"https:\/\/isostatika.com\/en\/who-we-are\/\" \/>\n<meta property=\"og:locale\" content=\"en_US\" \/>\n<meta property=\"og:type\" content=\"article\" \/>\n<meta property=\"og:title\" content=\"Who we are \u2013 About us | ISOSTATIKA\" \/>\n<meta property=\"og:description\" content=\"Isostatika specializes in Structure Design and Research. Our mission is to offer architects and developers simple and coherent structures.\" \/>\n<meta property=\"og:url\" content=\"https:\/\/isostatika.com\/en\/who-we-are\/\" \/>\n<meta property=\"og:site_name\" content=\"ISOSTATIKA\" \/>\n<meta property=\"article:modified_time\" content=\"2021-12-01T08:19:39+00:00\" \/>\n<meta property=\"og:image\" content=\"https:\/\/isostatika.com\/imagenes\/video-corto-quienes-somos-preview.jpg\" \/>\n<meta name=\"twitter:card\" content=\"summary_large_image\" \/>\n<meta name=\"twitter:label1\" content=\"Est. reading time\" \/>\n\t<meta name=\"twitter:data1\" content=\"4 minutes\" \/>\n<script type=\"application\/ld+json\" class=\"yoast-schema-graph\">{\"@context\":\"https:\/\/schema.org\",\"@graph\":[{\"@type\":\"WebPage\",\"@id\":\"https:\/\/isostatika.com\/en\/who-we-are\/\",\"url\":\"https:\/\/isostatika.com\/en\/who-we-are\/\",\"name\":\"Who we are \u2013 About us | ISOSTATIKA\",\"isPartOf\":{\"@id\":\"https:\/\/isostatika.com\/en\/#website\"},\"primaryImageOfPage\":{\"@id\":\"https:\/\/isostatika.com\/en\/who-we-are\/#primaryimage\"},\"image\":{\"@id\":\"https:\/\/isostatika.com\/en\/who-we-are\/#primaryimage\"},\"thumbnailUrl\":\"https:\/\/isostatika.com\/imagenes\/video-corto-quienes-somos-preview.jpg\",\"datePublished\":\"2021-01-13T15:54:20+00:00\",\"dateModified\":\"2021-12-01T08:19:39+00:00\",\"description\":\"Isostatika specializes in Structure Design and Research. Our mission is to offer architects and developers simple and coherent structures.\",\"breadcrumb\":{\"@id\":\"https:\/\/isostatika.com\/en\/who-we-are\/#breadcrumb\"},\"inLanguage\":\"en-US\",\"potentialAction\":[{\"@type\":\"ReadAction\",\"target\":[\"https:\/\/isostatika.com\/en\/who-we-are\/\"]}]},{\"@type\":\"ImageObject\",\"inLanguage\":\"en-US\",\"@id\":\"https:\/\/isostatika.com\/en\/who-we-are\/#primaryimage\",\"url\":\"https:\/\/isostatika.com\/imagenes\/video-corto-quienes-somos-preview.jpg\",\"contentUrl\":\"https:\/\/isostatika.com\/imagenes\/video-corto-quienes-somos-preview.jpg\"},{\"@type\":\"BreadcrumbList\",\"@id\":\"https:\/\/isostatika.com\/en\/who-we-are\/#breadcrumb\",\"itemListElement\":[{\"@type\":\"ListItem\",\"position\":1,\"name\":\"Home\",\"item\":\"https:\/\/isostatika.com\/en\/\"},{\"@type\":\"ListItem\",\"position\":2,\"name\":\"Who we are\"}]},{\"@type\":\"WebSite\",\"@id\":\"https:\/\/isostatika.com\/en\/#website\",\"url\":\"https:\/\/isostatika.com\/en\/\",\"name\":\"ISOSTATIKA\",\"description\":\"Consultor\u00eda y dise\u00f1o de estructuras\",\"publisher\":{\"@id\":\"https:\/\/isostatika.com\/en\/#organization\"},\"potentialAction\":[{\"@type\":\"SearchAction\",\"target\":{\"@type\":\"EntryPoint\",\"urlTemplate\":\"https:\/\/isostatika.com\/en\/?s={search_term_string}\"},\"query-input\":{\"@type\":\"PropertyValueSpecification\",\"valueRequired\":true,\"valueName\":\"search_term_string\"}}],\"inLanguage\":\"en-US\"},{\"@type\":\"Organization\",\"@id\":\"https:\/\/isostatika.com\/en\/#organization\",\"name\":\"Isostatika | Consultancy and calculation of architectural structure\",\"url\":\"https:\/\/isostatika.com\/en\/\",\"logo\":{\"@type\":\"ImageObject\",\"inLanguage\":\"en-US\",\"@id\":\"https:\/\/isostatika.com\/en\/#\/schema\/logo\/image\/\",\"url\":\"https:\/\/isostatika.com\/imagenes\/isostatika-logo.png\",\"contentUrl\":\"https:\/\/isostatika.com\/imagenes\/isostatika-logo.png\",\"width\":136,\"height\":38,\"caption\":\"Isostatika | Consultancy and calculation of architectural structure\"},\"image\":{\"@id\":\"https:\/\/isostatika.com\/en\/#\/schema\/logo\/image\/\"}}]}<\/script>\n<!-- \/ Yoast SEO plugin. -->","yoast_head_json":{"title":"Who we are \u2013 About us | ISOSTATIKA","description":"Isostatika specializes in Structure Design and Research. Our mission is to offer architects and developers simple and coherent structures.","robots":{"index":"index","follow":"follow","max-snippet":"max-snippet:-1","max-image-preview":"max-image-preview:large","max-video-preview":"max-video-preview:-1"},"canonical":"https:\/\/isostatika.com\/en\/who-we-are\/","og_locale":"en_US","og_type":"article","og_title":"Who we are \u2013 About us | ISOSTATIKA","og_description":"Isostatika specializes in Structure Design and Research. Our mission is to offer architects and developers simple and coherent structures.","og_url":"https:\/\/isostatika.com\/en\/who-we-are\/","og_site_name":"ISOSTATIKA","article_modified_time":"2021-12-01T08:19:39+00:00","og_image":[{"url":"https:\/\/isostatika.com\/imagenes\/video-corto-quienes-somos-preview.jpg","type":"","width":"","height":""}],"twitter_card":"summary_large_image","twitter_misc":{"Est. reading time":"4 minutes"},"schema":{"@context":"https:\/\/schema.org","@graph":[{"@type":"WebPage","@id":"https:\/\/isostatika.com\/en\/who-we-are\/","url":"https:\/\/isostatika.com\/en\/who-we-are\/","name":"Who we are \u2013 About us | ISOSTATIKA","isPartOf":{"@id":"https:\/\/isostatika.com\/en\/#website"},"primaryImageOfPage":{"@id":"https:\/\/isostatika.com\/en\/who-we-are\/#primaryimage"},"image":{"@id":"https:\/\/isostatika.com\/en\/who-we-are\/#primaryimage"},"thumbnailUrl":"https:\/\/isostatika.com\/imagenes\/video-corto-quienes-somos-preview.jpg","datePublished":"2021-01-13T15:54:20+00:00","dateModified":"2021-12-01T08:19:39+00:00","description":"Isostatika specializes in Structure Design and Research. Our mission is to offer architects and developers simple and coherent structures.","breadcrumb":{"@id":"https:\/\/isostatika.com\/en\/who-we-are\/#breadcrumb"},"inLanguage":"en-US","potentialAction":[{"@type":"ReadAction","target":["https:\/\/isostatika.com\/en\/who-we-are\/"]}]},{"@type":"ImageObject","inLanguage":"en-US","@id":"https:\/\/isostatika.com\/en\/who-we-are\/#primaryimage","url":"https:\/\/isostatika.com\/imagenes\/video-corto-quienes-somos-preview.jpg","contentUrl":"https:\/\/isostatika.com\/imagenes\/video-corto-quienes-somos-preview.jpg"},{"@type":"BreadcrumbList","@id":"https:\/\/isostatika.com\/en\/who-we-are\/#breadcrumb","itemListElement":[{"@type":"ListItem","position":1,"name":"Home","item":"https:\/\/isostatika.com\/en\/"},{"@type":"ListItem","position":2,"name":"Who we are"}]},{"@type":"WebSite","@id":"https:\/\/isostatika.com\/en\/#website","url":"https:\/\/isostatika.com\/en\/","name":"ISOSTATIKA","description":"Consultor\u00eda y dise\u00f1o de estructuras","publisher":{"@id":"https:\/\/isostatika.com\/en\/#organization"},"potentialAction":[{"@type":"SearchAction","target":{"@type":"EntryPoint","urlTemplate":"https:\/\/isostatika.com\/en\/?s={search_term_string}"},"query-input":{"@type":"PropertyValueSpecification","valueRequired":true,"valueName":"search_term_string"}}],"inLanguage":"en-US"},{"@type":"Organization","@id":"https:\/\/isostatika.com\/en\/#organization","name":"Isostatika | Consultancy and calculation of architectural structure","url":"https:\/\/isostatika.com\/en\/","logo":{"@type":"ImageObject","inLanguage":"en-US","@id":"https:\/\/isostatika.com\/en\/#\/schema\/logo\/image\/","url":"https:\/\/isostatika.com\/imagenes\/isostatika-logo.png","contentUrl":"https:\/\/isostatika.com\/imagenes\/isostatika-logo.png","width":136,"height":38,"caption":"Isostatika | Consultancy and calculation of architectural structure"},"image":{"@id":"https:\/\/isostatika.com\/en\/#\/schema\/logo\/image\/"}}]}},"_links":{"self":[{"href":"https:\/\/isostatika.com\/en\/wp-json\/wp\/v2\/pages\/1593","targetHints":{"allow":["GET"]}}],"collection":[{"href":"https:\/\/isostatika.com\/en\/wp-json\/wp\/v2\/pages"}],"about":[{"href":"https:\/\/isostatika.com\/en\/wp-json\/wp\/v2\/types\/page"}],"author":[{"embeddable":true,"href":"https:\/\/isostatika.com\/en\/wp-json\/wp\/v2\/users\/5"}],"replies":[{"embeddable":true,"href":"https:\/\/isostatika.com\/en\/wp-json\/wp\/v2\/comments?post=1593"}],"version-history":[{"count":0,"href":"https:\/\/isostatika.com\/en\/wp-json\/wp\/v2\/pages\/1593\/revisions"}],"wp:attachment":[{"href":"https:\/\/isostatika.com\/en\/wp-json\/wp\/v2\/media?parent=1593"}],"curies":[{"name":"wp","href":"https:\/\/api.w.org\/{rel}","templated":true}]}}