{"id":1588,"date":"2021-01-13T16:01:06","date_gmt":"2021-01-13T16:01:06","guid":{"rendered":"https:\/\/isostatika.com\/proyectos\/"},"modified":"2021-11-30T08:51:36","modified_gmt":"2021-11-30T08:51:36","slug":"projects","status":"publish","type":"page","link":"https:\/\/isostatika.com\/en\/projects\/","title":{"rendered":"Projects"},"content":{"rendered":"\n<section class=\"section hero hero-mini\">\n<div class=\"container\">\n<div class=\"row\">\n<div class=\"col-md-12\">\n<h1>Completed projects<\/h1>\n<div class=\"h2\">We design structural projects for both historical and contemporary buildings of all types and uses, including residential, industrial and public.<\/div>\n<\/div>\n<\/div>\n<\/div>\n<\/section>\n\n\n\n<section id=\"proyectos\" class=\"section proyectos\">\n<div class=\"container\">\n\n\n\n\n\n\t\t\t\t\t\n\t\t\t\t\t\t\t\t\t\t<div class=\"row row-top row-margin-bottom\">\n\t\t\t\t\t\t\t\t\t\t\t<div class=\"col-md-6 entry\"><a href=\"https:\/\/isostatika.com\/en\/projects\/rugby-stand\/\"><img loading=\"lazy\" decoding=\"async\" width=\"1068\" height=\"852\" src=\"https:\/\/isostatika.com\/imagenes\/isostatika-proyecto-grada-rugby.jpg\" class=\"entry-image img-maxwidth wp-post-image\" alt=\"Rekalde Rugby Stand\" srcset=\"https:\/\/isostatika.com\/imagenes\/isostatika-proyecto-grada-rugby.jpg 1068w, https:\/\/isostatika.com\/imagenes\/isostatika-proyecto-grada-rugby-300x239.jpg 300w, https:\/\/isostatika.com\/imagenes\/isostatika-proyecto-grada-rugby-1024x817.jpg 1024w, https:\/\/isostatika.com\/imagenes\/isostatika-proyecto-grada-rugby-768x613.jpg 768w, https:\/\/isostatika.com\/imagenes\/isostatika-proyecto-grada-rugby-376x300.jpg 376w\" sizes=\"auto, (max-width: 1068px) 100vw, 1068px\" \/>\t\t\t\t\t\t\t<p class=\"entry-title\">Rekalde Rugby stand, Bilbao<\/p>\n\t\t\t\t\t\t\t<p>Designer: Nerea Alonso + Helena Aranzabe + Alberto Abiega<\/p>\n\t\t\t\t\t\t\t<p><strong>2019<\/strong><\/p>\n\n\t\t\t\t\t\t\t<\/a>\n\t\t\t\t\t\t\t<div class=\"arrow-right-to-right\"><a href=\"https:\/\/isostatika.com\/en\/projects\/rugby-stand\/\" class=\"text-link\"><span>SEE PROJECT<\/span><\/a><\/div>\n\t\t\t\t\t\t<\/div>\n\t\t\t\t\t\n\t\n\t\t\t\t\t\t\t\t\t\t\t<div class=\"col-md-6 entry\"><a href=\"https:\/\/isostatika.com\/en\/projects\/san-felix-school\/\"><img loading=\"lazy\" decoding=\"async\" width=\"534\" height=\"426\" src=\"https:\/\/isostatika.com\/imagenes\/isostatika-proyecto-san-felix-ikastetxea.jpg\" class=\"entry-image img-maxwidth wp-post-image\" alt=\"Extension to San F\u00e9lix School\" srcset=\"https:\/\/isostatika.com\/imagenes\/isostatika-proyecto-san-felix-ikastetxea.jpg 534w, https:\/\/isostatika.com\/imagenes\/isostatika-proyecto-san-felix-ikastetxea-300x239.jpg 300w, https:\/\/isostatika.com\/imagenes\/isostatika-proyecto-san-felix-ikastetxea-376x300.jpg 376w\" sizes=\"auto, (max-width: 534px) 100vw, 534px\" \/>\t\t\t\t\t\t\t<p class=\"entry-title\">San F\u00e9lix School Project, Ortuella<\/p>\n\t\t\t\t\t\t\t<p>Designer: Olaia Ziarrusta + I\u00f1igo Ib\u00e1\u00f1ez<\/p>\n\t\t\t\t\t\t\t<p><strong>2013<\/strong><\/p>\n\n\t\t\t\t\t\t\t<\/a>\n\t\t\t\t\t\t\t<div class=\"arrow-right-to-right\"><a href=\"https:\/\/isostatika.com\/en\/projects\/san-felix-school\/\" class=\"text-link\"><span>SEE PROJECT<\/span><\/a><\/div>\n\t\t\t\t\t\t<\/div>\n\t\t\t\t\t\t\t\t\t\t<\/div>\n\t\t\t\t\t\n\t\n\t\t\t\t\t\t\t\t\t\t<div class=\"row row-top row-margin-bottom\">\n\t\t\t\t\t\t\t\t\t\t\t<div class=\"col-md-6 entry\"><a href=\"https:\/\/isostatika.com\/en\/projects\/attic-remodeling\/\"><img loading=\"lazy\" decoding=\"async\" width=\"534\" height=\"426\" src=\"https:\/\/isostatika.com\/imagenes\/isostatika-proyecto-reforma-atico.jpg\" class=\"entry-image img-maxwidth wp-post-image\" alt=\"Interior attic remodeling\" srcset=\"https:\/\/isostatika.com\/imagenes\/isostatika-proyecto-reforma-atico.jpg 534w, https:\/\/isostatika.com\/imagenes\/isostatika-proyecto-reforma-atico-300x239.jpg 300w, https:\/\/isostatika.com\/imagenes\/isostatika-proyecto-reforma-atico-376x300.jpg 376w\" sizes=\"auto, (max-width: 534px) 100vw, 534px\" \/>\t\t\t\t\t\t\t<p class=\"entry-title\">Interior attic remodeling<\/p>\n\t\t\t\t\t\t\t<p>Designer: I\u00f1igo Ib\u00e1\u00f1ez Udaondo<\/p>\n\t\t\t\t\t\t\t<p><strong>2015<\/strong><\/p>\n\n\t\t\t\t\t\t\t<\/a>\n\t\t\t\t\t\t\t<div class=\"arrow-right-to-right\"><a href=\"https:\/\/isostatika.com\/en\/projects\/attic-remodeling\/\" class=\"text-link\"><span>SEE PROJECT<\/span><\/a><\/div>\n\t\t\t\t\t\t<\/div>\n\t\t\t\t\t\n\t\n\t\t\t\t\t\t\t\t\t\t\t<div class=\"col-md-6 entry\"><a href=\"https:\/\/isostatika.com\/en\/projects\/santa-katalina\/\"><img loading=\"lazy\" decoding=\"async\" width=\"534\" height=\"426\" src=\"https:\/\/isostatika.com\/imagenes\/isostatika-proyecto-santa-katalina.jpg\" class=\"entry-image img-maxwidth wp-post-image\" alt=\"Apartments in Santa Katalina\" srcset=\"https:\/\/isostatika.com\/imagenes\/isostatika-proyecto-santa-katalina.jpg 534w, https:\/\/isostatika.com\/imagenes\/isostatika-proyecto-santa-katalina-300x239.jpg 300w, https:\/\/isostatika.com\/imagenes\/isostatika-proyecto-santa-katalina-376x300.jpg 376w\" sizes=\"auto, (max-width: 534px) 100vw, 534px\" \/>\t\t\t\t\t\t\t<p class=\"entry-title\">Apartments in Santa Katalina, Mundaka<\/p>\n\t\t\t\t\t\t\t<p>Designer: Inazio Aldazabal Belakortu + I\u00f1igo Ib\u00e1\u00f1ez Udaondo<\/p>\n\t\t\t\t\t\t\t<p><strong>2019<\/strong><\/p>\n\n\t\t\t\t\t\t\t<\/a>\n\t\t\t\t\t\t\t<div class=\"arrow-right-to-right\"><a href=\"https:\/\/isostatika.com\/en\/projects\/santa-katalina\/\" class=\"text-link\"><span>SEE PROJECT<\/span><\/a><\/div>\n\t\t\t\t\t\t<\/div>\n\t\t\t\t\t\t\t\t\t\t<\/div>\n\t\t\t\t\t\n\t\n\t\t\t\t\t\t\t\t\t\t<div class=\"row row-top row-margin-bottom\">\n\t\t\t\t\t\t\t\t\t\t\t<div class=\"col-md-6 entry\"><a href=\"https:\/\/isostatika.com\/en\/projects\/loitzate-farmhouse\/\"><img loading=\"lazy\" decoding=\"async\" width=\"534\" height=\"426\" src=\"https:\/\/isostatika.com\/imagenes\/isostatika-proyecto-caserio-loitzate.jpg\" class=\"entry-image img-maxwidth wp-post-image\" alt=\"Reconstruction of Loitzate Farmhouse\" srcset=\"https:\/\/isostatika.com\/imagenes\/isostatika-proyecto-caserio-loitzate.jpg 534w, https:\/\/isostatika.com\/imagenes\/isostatika-proyecto-caserio-loitzate-300x239.jpg 300w, https:\/\/isostatika.com\/imagenes\/isostatika-proyecto-caserio-loitzate-376x300.jpg 376w\" sizes=\"auto, (max-width: 534px) 100vw, 534px\" \/>\t\t\t\t\t\t\t<p class=\"entry-title\">Reconstruction of Loitzate Farmhouse, Berriz<\/p>\n\t\t\t\t\t\t\t<p>Designer: Jon Ortiz Larrinaga + I\u00f1igo Ib\u00e1\u00f1ez Udaondo<\/p>\n\t\t\t\t\t\t\t<p><strong>2014<\/strong><\/p>\n\n\t\t\t\t\t\t\t<\/a>\n\t\t\t\t\t\t\t<div class=\"arrow-right-to-right\"><a href=\"https:\/\/isostatika.com\/en\/projects\/loitzate-farmhouse\/\" class=\"text-link\"><span>SEE PROJECT<\/span><\/a><\/div>\n\t\t\t\t\t\t<\/div>\n\t\t\t\t\t\n\t\n\t\t\t\t\t\t\t\t\t\t\t<div class=\"col-md-6 entry\"><a href=\"https:\/\/isostatika.com\/en\/projects\/eibar-aluminums\/\"><img loading=\"lazy\" decoding=\"async\" width=\"534\" height=\"426\" src=\"https:\/\/isostatika.com\/imagenes\/isostatika-proyecto-aluminios-de-eibar.jpg\" class=\"entry-image img-maxwidth wp-post-image\" alt=\"Eibar Aluminums Headquarters\" srcset=\"https:\/\/isostatika.com\/imagenes\/isostatika-proyecto-aluminios-de-eibar.jpg 534w, https:\/\/isostatika.com\/imagenes\/isostatika-proyecto-aluminios-de-eibar-300x239.jpg 300w, https:\/\/isostatika.com\/imagenes\/isostatika-proyecto-aluminios-de-eibar-376x300.jpg 376w\" sizes=\"auto, (max-width: 534px) 100vw, 534px\" \/>\t\t\t\t\t\t\t<p class=\"entry-title\">Eibar Aluminums Headquarters, Berriz<\/p>\n\t\t\t\t\t\t\t<p>Designer: AZAB Arquitectos<\/p>\n\t\t\t\t\t\t\t<p><strong>2021<\/strong><\/p>\n\n\t\t\t\t\t\t\t<\/a>\n\t\t\t\t\t\t\t<div class=\"arrow-right-to-right\"><a href=\"https:\/\/isostatika.com\/en\/projects\/eibar-aluminums\/\" class=\"text-link\"><span>SEE PROJECT<\/span><\/a><\/div>\n\t\t\t\t\t\t<\/div>\n\t\t\t\t\t\t\t\t\t\t<\/div>\n\t\t\t\t\t\n\t\n\t\t\t\t\t\t\t\t\t\t<div class=\"row row-top row-margin-bottom\">\n\t\t\t\t\t\t\t\t\t\t\t<div class=\"col-md-6 entry\"><a href=\"https:\/\/isostatika.com\/en\/projects\/kareaga-house\/\"><img loading=\"lazy\" decoding=\"async\" width=\"534\" height=\"426\" src=\"https:\/\/isostatika.com\/imagenes\/isostatika-proyecto-casa-kareaga.jpg\" class=\"entry-image img-maxwidth wp-post-image\" alt=\"Remodeling of Kareaga House\" srcset=\"https:\/\/isostatika.com\/imagenes\/isostatika-proyecto-casa-kareaga.jpg 534w, https:\/\/isostatika.com\/imagenes\/isostatika-proyecto-casa-kareaga-300x239.jpg 300w, https:\/\/isostatika.com\/imagenes\/isostatika-proyecto-casa-kareaga-376x300.jpg 376w\" sizes=\"auto, (max-width: 534px) 100vw, 534px\" \/>\t\t\t\t\t\t\t<p class=\"entry-title\">Remodeling of Kareaga House, Zarautz<\/p>\n\t\t\t\t\t\t\t<p>Designer: XS Arkitektura<\/p>\n\t\t\t\t\t\t\t<p><strong>2017<\/strong><\/p>\n\n\t\t\t\t\t\t\t<\/a>\n\t\t\t\t\t\t\t<div class=\"arrow-right-to-right\"><a href=\"https:\/\/isostatika.com\/en\/projects\/kareaga-house\/\" class=\"text-link\"><span>SEE PROJECT<\/span><\/a><\/div>\n\t\t\t\t\t\t<\/div>\n\t\t\t\t\t\n\t\n\t\t\t\t\t\t\t\t\t\t\t<div class=\"col-md-6 entry\"><a href=\"https:\/\/isostatika.com\/en\/projects\/eladio-laredo\/\"><img loading=\"lazy\" decoding=\"async\" width=\"534\" height=\"426\" src=\"https:\/\/isostatika.com\/imagenes\/proyecto-castro-principal.jpg\" class=\"entry-image img-maxwidth wp-post-image\" alt=\"Study of Eladio Laredo Building\" srcset=\"https:\/\/isostatika.com\/imagenes\/proyecto-castro-principal.jpg 534w, https:\/\/isostatika.com\/imagenes\/proyecto-castro-principal-300x239.jpg 300w, https:\/\/isostatika.com\/imagenes\/proyecto-castro-principal-376x300.jpg 376w\" sizes=\"auto, (max-width: 534px) 100vw, 534px\" \/>\t\t\t\t\t\t\t<p class=\"entry-title\">Study of Eladio Laredo Building, Castro Urdiales<\/p>\n\t\t\t\t\t\t\t<p>Designer: ISOSTATIKA<\/p>\n\t\t\t\t\t\t\t<p><strong>2020<\/strong><\/p>\n\n\t\t\t\t\t\t\t<\/a>\n\t\t\t\t\t\t\t<div class=\"arrow-right-to-right\"><a href=\"https:\/\/isostatika.com\/en\/projects\/eladio-laredo\/\" class=\"text-link\"><span>SEE PROJECT<\/span><\/a><\/div>\n\t\t\t\t\t\t<\/div>\n\t\t\t\t\t\t\t\t\t\t<\/div>\n\t\t\t\t\t\n\t\t\t\t\t\n\n\n\n<\/div>\n<\/section>\n","protected":false},"excerpt":{"rendered":"<p>Completed projects We design structural projects for both historical and contemporary buildings of all types and uses, including residential, industrial and public.<\/p>\n","protected":false},"author":5,"featured_media":0,"parent":0,"menu_order":0,"comment_status":"closed","ping_status":"closed","template":"","meta":{"footnotes":""},"class_list":["post-1588","page","type-page","status-publish","hentry"],"yoast_head":"<!-- This site is optimized with the Yoast SEO plugin v27.2 - https:\/\/yoast.com\/product\/yoast-seo-wordpress\/ -->\n<title>Completed projects | ISOSTATIKA<\/title>\n<meta name=\"description\" content=\"We design structural projects for both historical and contemporary buildings of all types and uses.\" \/>\n<meta name=\"robots\" content=\"index, follow, max-snippet:-1, max-image-preview:large, max-video-preview:-1\" \/>\n<link rel=\"canonical\" href=\"https:\/\/isostatika.com\/en\/projects\/\" \/>\n<meta property=\"og:locale\" content=\"en_US\" \/>\n<meta property=\"og:type\" content=\"article\" \/>\n<meta property=\"og:title\" content=\"Completed projects | ISOSTATIKA\" \/>\n<meta property=\"og:description\" content=\"We design structural projects for both historical and contemporary buildings of all types and uses.\" \/>\n<meta property=\"og:url\" content=\"https:\/\/isostatika.com\/en\/projects\/\" \/>\n<meta property=\"og:site_name\" content=\"ISOSTATIKA\" \/>\n<meta property=\"article:modified_time\" content=\"2021-11-30T08:51:36+00:00\" \/>\n<meta name=\"twitter:card\" content=\"summary_large_image\" \/>\n<meta name=\"twitter:label1\" content=\"Est. reading time\" \/>\n\t<meta name=\"twitter:data1\" content=\"1 minute\" \/>\n<script type=\"application\/ld+json\" class=\"yoast-schema-graph\">{\"@context\":\"https:\/\/schema.org\",\"@graph\":[{\"@type\":\"WebPage\",\"@id\":\"https:\/\/isostatika.com\/en\/projects\/\",\"url\":\"https:\/\/isostatika.com\/en\/projects\/\",\"name\":\"Completed projects | ISOSTATIKA\",\"isPartOf\":{\"@id\":\"https:\/\/isostatika.com\/en\/#website\"},\"datePublished\":\"2021-01-13T16:01:06+00:00\",\"dateModified\":\"2021-11-30T08:51:36+00:00\",\"description\":\"We design structural projects for both historical and contemporary buildings of all types and uses.\",\"breadcrumb\":{\"@id\":\"https:\/\/isostatika.com\/en\/projects\/#breadcrumb\"},\"inLanguage\":\"en-US\",\"potentialAction\":[{\"@type\":\"ReadAction\",\"target\":[\"https:\/\/isostatika.com\/en\/projects\/\"]}]},{\"@type\":\"BreadcrumbList\",\"@id\":\"https:\/\/isostatika.com\/en\/projects\/#breadcrumb\",\"itemListElement\":[{\"@type\":\"ListItem\",\"position\":1,\"name\":\"Home\",\"item\":\"https:\/\/isostatika.com\/en\/\"},{\"@type\":\"ListItem\",\"position\":2,\"name\":\"Projects\"}]},{\"@type\":\"WebSite\",\"@id\":\"https:\/\/isostatika.com\/en\/#website\",\"url\":\"https:\/\/isostatika.com\/en\/\",\"name\":\"ISOSTATIKA\",\"description\":\"Consultor\u00eda y dise\u00f1o de estructuras\",\"publisher\":{\"@id\":\"https:\/\/isostatika.com\/en\/#organization\"},\"potentialAction\":[{\"@type\":\"SearchAction\",\"target\":{\"@type\":\"EntryPoint\",\"urlTemplate\":\"https:\/\/isostatika.com\/en\/?s={search_term_string}\"},\"query-input\":{\"@type\":\"PropertyValueSpecification\",\"valueRequired\":true,\"valueName\":\"search_term_string\"}}],\"inLanguage\":\"en-US\"},{\"@type\":\"Organization\",\"@id\":\"https:\/\/isostatika.com\/en\/#organization\",\"name\":\"Isostatika | Consultancy and calculation of architectural structure\",\"url\":\"https:\/\/isostatika.com\/en\/\",\"logo\":{\"@type\":\"ImageObject\",\"inLanguage\":\"en-US\",\"@id\":\"https:\/\/isostatika.com\/en\/#\/schema\/logo\/image\/\",\"url\":\"https:\/\/isostatika.com\/imagenes\/isostatika-logo.png\",\"contentUrl\":\"https:\/\/isostatika.com\/imagenes\/isostatika-logo.png\",\"width\":136,\"height\":38,\"caption\":\"Isostatika | Consultancy and calculation of architectural structure\"},\"image\":{\"@id\":\"https:\/\/isostatika.com\/en\/#\/schema\/logo\/image\/\"}}]}<\/script>\n<!-- \/ Yoast SEO plugin. -->","yoast_head_json":{"title":"Completed projects | ISOSTATIKA","description":"We design structural projects for both historical and contemporary buildings of all types and uses.","robots":{"index":"index","follow":"follow","max-snippet":"max-snippet:-1","max-image-preview":"max-image-preview:large","max-video-preview":"max-video-preview:-1"},"canonical":"https:\/\/isostatika.com\/en\/projects\/","og_locale":"en_US","og_type":"article","og_title":"Completed projects | ISOSTATIKA","og_description":"We design structural projects for both historical and contemporary buildings of all types and uses.","og_url":"https:\/\/isostatika.com\/en\/projects\/","og_site_name":"ISOSTATIKA","article_modified_time":"2021-11-30T08:51:36+00:00","twitter_card":"summary_large_image","twitter_misc":{"Est. reading time":"1 minute"},"schema":{"@context":"https:\/\/schema.org","@graph":[{"@type":"WebPage","@id":"https:\/\/isostatika.com\/en\/projects\/","url":"https:\/\/isostatika.com\/en\/projects\/","name":"Completed projects | ISOSTATIKA","isPartOf":{"@id":"https:\/\/isostatika.com\/en\/#website"},"datePublished":"2021-01-13T16:01:06+00:00","dateModified":"2021-11-30T08:51:36+00:00","description":"We design structural projects for both historical and contemporary buildings of all types and uses.","breadcrumb":{"@id":"https:\/\/isostatika.com\/en\/projects\/#breadcrumb"},"inLanguage":"en-US","potentialAction":[{"@type":"ReadAction","target":["https:\/\/isostatika.com\/en\/projects\/"]}]},{"@type":"BreadcrumbList","@id":"https:\/\/isostatika.com\/en\/projects\/#breadcrumb","itemListElement":[{"@type":"ListItem","position":1,"name":"Home","item":"https:\/\/isostatika.com\/en\/"},{"@type":"ListItem","position":2,"name":"Projects"}]},{"@type":"WebSite","@id":"https:\/\/isostatika.com\/en\/#website","url":"https:\/\/isostatika.com\/en\/","name":"ISOSTATIKA","description":"Consultor\u00eda y dise\u00f1o de estructuras","publisher":{"@id":"https:\/\/isostatika.com\/en\/#organization"},"potentialAction":[{"@type":"SearchAction","target":{"@type":"EntryPoint","urlTemplate":"https:\/\/isostatika.com\/en\/?s={search_term_string}"},"query-input":{"@type":"PropertyValueSpecification","valueRequired":true,"valueName":"search_term_string"}}],"inLanguage":"en-US"},{"@type":"Organization","@id":"https:\/\/isostatika.com\/en\/#organization","name":"Isostatika | Consultancy and calculation of architectural structure","url":"https:\/\/isostatika.com\/en\/","logo":{"@type":"ImageObject","inLanguage":"en-US","@id":"https:\/\/isostatika.com\/en\/#\/schema\/logo\/image\/","url":"https:\/\/isostatika.com\/imagenes\/isostatika-logo.png","contentUrl":"https:\/\/isostatika.com\/imagenes\/isostatika-logo.png","width":136,"height":38,"caption":"Isostatika | Consultancy and calculation of architectural structure"},"image":{"@id":"https:\/\/isostatika.com\/en\/#\/schema\/logo\/image\/"}}]}},"_links":{"self":[{"href":"https:\/\/isostatika.com\/en\/wp-json\/wp\/v2\/pages\/1588","targetHints":{"allow":["GET"]}}],"collection":[{"href":"https:\/\/isostatika.com\/en\/wp-json\/wp\/v2\/pages"}],"about":[{"href":"https:\/\/isostatika.com\/en\/wp-json\/wp\/v2\/types\/page"}],"author":[{"embeddable":true,"href":"https:\/\/isostatika.com\/en\/wp-json\/wp\/v2\/users\/5"}],"replies":[{"embeddable":true,"href":"https:\/\/isostatika.com\/en\/wp-json\/wp\/v2\/comments?post=1588"}],"version-history":[{"count":0,"href":"https:\/\/isostatika.com\/en\/wp-json\/wp\/v2\/pages\/1588\/revisions"}],"wp:attachment":[{"href":"https:\/\/isostatika.com\/en\/wp-json\/wp\/v2\/media?parent=1588"}],"curies":[{"name":"wp","href":"https:\/\/api.w.org\/{rel}","templated":true}]}}