{"id":1585,"date":"2021-01-13T15:52:18","date_gmt":"2021-01-13T15:52:18","guid":{"rendered":"https:\/\/isostatika.com\/consultoria-investigacion\/"},"modified":"2021-12-01T09:11:39","modified_gmt":"2021-12-01T09:11:39","slug":"consultancy-research","status":"publish","type":"page","link":"https:\/\/isostatika.com\/en\/consultancy-research\/","title":{"rendered":"Structure Consultancy and Research"},"content":{"rendered":"\n<section class=\"section hero alt-consultoria\">\n<div class=\"container container-xl\">\n<div class=\"row\">\n<div class=\"col-md-12\"><video class=\"section-hero-video\" poster=\"https:\/\/isostatika.com\/imagenes\/video-corto-consultoria-investigacion-preview.jpg\" autoplay=\"autoplay\" loop=\"loop\" muted=\"\" width=\"100%\" height=\"150\"><source src=\"https:\/\/isostatika.com\/imagenes\/video-corto-consultoria-investigacion.mp4\" type=\"video\/mp4\"><img decoding=\"async\" class=\"logo-hero\" src=\"https:\/\/isostatika.com\/imagenes\/video-corto-consultoria-investigacion-preview.jpg\" alt=\"ISOSTATIKA\"><\/video>\n<h1>Structure Consultancy and Research<\/h1>\n<div class=\"h2\">We like understanding systems and are passionate about challenges in consultancy and research; they motivate us, drive us forward and are a continuous source of training.<\/div>\n<div class=\"hero-cta\">\n<ul>\n<li><a class=\"text-link double-arrow\" href=\"#patrimonio\"><span class=\"double-arrow-span\">Heritage<\/span><\/a><\/li>\n<li><a class=\"text-link double-arrow\" href=\"#patologias\"><span class=\"double-arrow-span\">Building pathology<\/span><\/a><\/li>\n<li><a class=\"text-link double-arrow\" href=\"#investigacion\"><span class=\"double-arrow-span\">Research<\/span><\/a><\/li>\n<li><a class=\"text-link double-arrow\" href=\"#informes\"><span class=\"double-arrow-span\">Reports<\/span><\/a><\/li>\n<li><a class=\"text-link double-arrow\" href=\"#proyectos\"><span class=\"double-arrow-span\">Projects<\/span><\/a><\/li>\n<li><a class=\"text-link double-arrow\" href=\"#calidad\"><span class=\"double-arrow-span\">Quality<\/span><\/a><\/li>\n<\/ul>\n<\/div>\n<\/div>\n<\/div>\n<\/div>\n<\/section>\n\n\n\n<section id=\"patrimonio\" class=\"section\">\n<div class=\"container\">\n<div class=\"row\">\n<div class=\"col-md-6 col-section-image\"><img decoding=\"async\" class=\"img-xl\" src=\"https:\/\/isostatika.com\/imagenes\/isostatika-consultoria-patrimonio-2.jpg\" alt=\"Heritage Consultancy and Research | ISOSTATIKA\" width=\"100%\"><img decoding=\"async\" class=\"img-s\" src=\"https:\/\/isostatika.com\/imagenes\/isostatika-consultoria-patrimonio-mini.jpg\" alt=\"Heritage Consultancy and Research | ISOSTATIKA\" width=\"100%\"><\/div>\n<div class=\"col-md-6 col-right\">\n<h2 class=\"section-title\">Heritage<\/h2>\n<p>At ISOSTATIKA we not only make functional structures, but understand our practice as part of a whole, made up of each historical moment\u2019s approach to construction.<\/p>\n<p>We have participated in the PAGUS program for the rehabilitation of historic town centers in Granada, we collaborated in the study and publication of The Architecture of the Basque Country Village, we work assiduously with the Aranzadi Society of Sciences and we hold a heritage-specific academic qualification (specialty in Heritage Conservation and Restoration Architectural, Polytechnic University of Madrid).<\/p>\n<p>Thanks to this, we have successfully designed and completed numerous structural rehabilitation works in heritage properties.<\/p>\n<div class=\"section-cta\"><div class=\"button-shining\">\n\t<svg>\n    \t<rect x=\"1\" y=\"1\" rx=\"2.2em\" fill=\"none\" width=\"98.5%\" height=\"97%\" stroke-linecap=\"round\" stroke-linejoin=\"round\" shape-rendering=\"geometricPrecision\"><\/rect>\n\t<\/svg>\n<a class=\"btn btn-primary\" href=\"#contactar\">Contact us<\/a><\/div><\/div>\n<\/div>\n<\/div>\n<\/div>\n<\/section>\n\n\n\n<section id=\"patologias\" class=\"section\">\n<div class=\"container\">\n<div class=\"row\">\n<div class=\"col-md-6 col-left\">\n<h2 class=\"section-title\">Building pathologies<\/h2>\n<p>We analyze the state of any property before its rehabilitation or structural reform, we detect corrosion, collapses, wood checks, lack of structural stability, cracks, carbonation and other faults to be able to propose, if necessary, the appropriate solution for each project, such as reinforcement of metal structures or carbon fiber.<\/p>\n<div class=\"section-cta\"><a class=\"btn btn-primary arrow-left\" href=\"#contactar\">Contact us<\/a><\/div>\n<\/div>\n<div class=\"col-md-6 col-section-image\"><img decoding=\"async\" class=\"img-xl\" src=\"https:\/\/isostatika.com\/imagenes\/isostatika-consultoria-patologias.jpg\" alt=\"Pathologies Consultancy and Research| ISOSTATIKA\" width=\"100%\"><img decoding=\"async\" class=\"img-s\" src=\"https:\/\/isostatika.com\/imagenes\/isostatika-consultoria-patologias-mini.jpg\" alt=\"Pathologies Consultancy and Research | ISOSTATIKA\" width=\"100%\"><\/div>\n<\/div>\n<\/div>\n<\/section>\n\n\n\n<section id=\"investigacion\" class=\"section\">\n<div class=\"container\">\n<div class=\"row\">\n<div class=\"col-md-6 col-section-image\"><a class=\"video-player lightbox_trigger\" href=\"https:\/\/isostatika.com\/imagenes\/video-investigacion.mp4\"><img decoding=\"async\" src=\"https:\/\/isostatika.com\/imagenes\/isostatika-consultoria.jpg\" alt=\"Consultancy and Research | ISOSTATIKA\" width=\"100%\"><span class=\"btn video-player-btn\">\u25ba<\/span><\/a><br><p>Model on the scale 1:1 of a sliding joint, created in the workshop of Forja Alberdi (Erandio)<\/p><\/div>\n<div class=\"col-md-6 col-right\">\n<h2 class=\"section-title\">Research<\/h2>\n<p>We collaborate with various laboratories, geologists and other specialists to improve our proposals every day.<\/p>\n<p>For each proposal we endeavor to determine the needs and propose the most appropriate study: whether analyzing the resistance of the ground by means of a posteriori tests, evaluating the resistance of a wooden structure by ultrasound, carrying out carbonation tests on concrete or measuring its resistance with a sclerometer, or taking an electrical tomography of the terrain.<\/p>\n<p>In addition, we develop these studies, either directly or, if you prefer, by directing you towards external specialists who can carry them out.<br>We also develop more experimental proposals. In these cases we test them in the workshop before taking them to the build, thanks to our network of collaborators.<\/p>\n<div class=\"section-cta\"><a class=\"btn btn-primary arrow-right\" href=\"#contactar\">Contact us<\/a><\/div>\n<\/div>\n<\/div>\n<\/div>\n<\/section>\n\n\n\n<section id=\"informes\" class=\"section\">\n<div class=\"container\">\n<div class=\"row\">\n<div class=\"col-md-6 col-left\">\n<h2 class=\"section-title\">Reports<\/h2>\n<p>We carry out specific studies on the loadbearing capacity in existing buildings in order to provide them with new uses.<\/p>\n<p>We analyze subsidence, landslides, collapses and other problems in the walls of buildings or developments.<\/p>\n<p>We conduct pathology analyses, reports and intervention proposals in buildings of all kinds, whether heritage or not, that may have structural stability problems.<\/p>\n<div class=\"section-cta\"><a class=\"btn btn-primary arrow-left\" href=\"#contactar\">Contact us<\/a><\/div>\n<\/div>\n<div class=\"col-md-6 col-section-image\"><img decoding=\"async\" class=\"img-xl\" src=\"https:\/\/isostatika.com\/imagenes\/isostatika-consultoria-informes.jpg\" alt=\"Reports | ISOSTATIKA\" width=\"100%\"><img decoding=\"async\" class=\"img-s\" src=\"https:\/\/isostatika.com\/imagenes\/isostatika-consultoria-informes-mini.jpg\" alt=\"Reports | ISOSTATIKA\" width=\"100%\"><\/div>\n<\/div>\n<\/div>\n<\/section>\n\n\n\n<section id=\"video\" class=\"section\">\n<div class=\"container\">\n<div class=\"row\">\n<div class=\"col-md-12 col-center\"><a class=\"video-player lightbox_trigger\" href=\"https:\/\/isostatika.com\/imagenes\/video-consultoria-investigacion.mp4\"><img decoding=\"async\" src=\"https:\/\/isostatika.com\/imagenes\/consultoria-investigacion-video-preview-color.jpg\" alt=\"Consultancy and Research Video | ISOSTATIKA\" width=\"auto\"><span class=\"btn video-player-btn\">\u25ba<\/span><\/a><br><p>\nNew foundation to improve the menhir in Arribirbileta.<\/p><\/div>\n<\/div>\n<\/div>\n<\/section>\n\n\n\n<section id=\"proyectos\" class=\"section proyectos\">\n<div class=\"container\">\n<div class=\"row\">\n<div class=\"col-md-12 col-center\">\n<h2 class=\"section-title\">Projects<\/h2>\n<p class=\"section-subtitle\">We analyze existing constructions to optimize them and get the most out of them. We study and propose new out-of-the-ordinary solutions, testing them beforehand to guarantee the result.<\/p>\n<\/div>\n<\/div>\n\n\n\n\n\n\t\t\t\t\t\t\t\t<div class=\"row row-top\">\n\t\t\t\t<div class=\"col-md-12\">\n\t\t\t\t<div class=\"owl-carousel owl-theme proyectos-carousel\">\n\t\t\t\t\t\n\t\t\t\t\t\t\t\t\t\t\t<div class=\"entry\"><a href=\"https:\/\/isostatika.com\/en\/projects\/eibar-aluminums\/\"><img loading=\"lazy\" decoding=\"async\" width=\"534\" height=\"426\" src=\"https:\/\/isostatika.com\/imagenes\/isostatika-proyecto-aluminios-de-eibar.jpg\" class=\"entry-image img-maxwidth wp-post-image\" alt=\"Eibar Aluminums Headquarters\" srcset=\"https:\/\/isostatika.com\/imagenes\/isostatika-proyecto-aluminios-de-eibar.jpg 534w, https:\/\/isostatika.com\/imagenes\/isostatika-proyecto-aluminios-de-eibar-300x239.jpg 300w, https:\/\/isostatika.com\/imagenes\/isostatika-proyecto-aluminios-de-eibar-376x300.jpg 376w\" sizes=\"auto, (max-width: 534px) 100vw, 534px\" \/>\t\t\t\t\t\t\t<p class=\"entry-title\">Eibar Aluminums Headquarters, Berriz<\/p>\n\t\t\t\t\t\t\t<p>Designer: AZAB Arquitectos<\/p>\n\t\t\t\t\t\t\t<p><strong>2021<\/strong><\/p>\n\n\t\t\t\t\t\t\t<\/a>\n\t\t\t\t\t\t\t<div class=\"arrow-right-to-right\"><a href=\"https:\/\/isostatika.com\/en\/projects\/eibar-aluminums\/\" class=\"text-link\"><span>SEE PROJECT<\/span><\/a><\/div>\n\t\t\t\t\t\t<\/div>\n\t\t\t\t\t\n\t\n\t\t\t\t\t\t\t\t\t\t\t<div class=\"entry\"><a href=\"https:\/\/isostatika.com\/en\/projects\/eladio-laredo\/\"><img loading=\"lazy\" decoding=\"async\" width=\"534\" height=\"426\" src=\"https:\/\/isostatika.com\/imagenes\/proyecto-castro-principal.jpg\" class=\"entry-image img-maxwidth wp-post-image\" alt=\"Study of Eladio Laredo Building\" srcset=\"https:\/\/isostatika.com\/imagenes\/proyecto-castro-principal.jpg 534w, https:\/\/isostatika.com\/imagenes\/proyecto-castro-principal-300x239.jpg 300w, https:\/\/isostatika.com\/imagenes\/proyecto-castro-principal-376x300.jpg 376w\" sizes=\"auto, (max-width: 534px) 100vw, 534px\" \/>\t\t\t\t\t\t\t<p class=\"entry-title\">Study of Eladio Laredo Building, Castro Urdiales<\/p>\n\t\t\t\t\t\t\t<p>Designer: ISOSTATIKA<\/p>\n\t\t\t\t\t\t\t<p><strong>2020<\/strong><\/p>\n\n\t\t\t\t\t\t\t<\/a>\n\t\t\t\t\t\t\t<div class=\"arrow-right-to-right\"><a href=\"https:\/\/isostatika.com\/en\/projects\/eladio-laredo\/\" class=\"text-link\"><span>SEE PROJECT<\/span><\/a><\/div>\n\t\t\t\t\t\t<\/div>\n\t\t\t\t\t\n\t\n\t\t\t\t\t\t\t\t\t\t\t<div class=\"entry\"><a href=\"https:\/\/isostatika.com\/en\/projects\/loitzate-farmhouse\/\"><img loading=\"lazy\" decoding=\"async\" width=\"534\" height=\"426\" src=\"https:\/\/isostatika.com\/imagenes\/isostatika-proyecto-caserio-loitzate.jpg\" class=\"entry-image img-maxwidth wp-post-image\" alt=\"Reconstruction of Loitzate Farmhouse\" srcset=\"https:\/\/isostatika.com\/imagenes\/isostatika-proyecto-caserio-loitzate.jpg 534w, https:\/\/isostatika.com\/imagenes\/isostatika-proyecto-caserio-loitzate-300x239.jpg 300w, https:\/\/isostatika.com\/imagenes\/isostatika-proyecto-caserio-loitzate-376x300.jpg 376w\" sizes=\"auto, (max-width: 534px) 100vw, 534px\" \/>\t\t\t\t\t\t\t<p class=\"entry-title\">Reconstruction of Loitzate Farmhouse, Berriz<\/p>\n\t\t\t\t\t\t\t<p>Designer: Jon Ortiz Larrinaga + I\u00f1igo Ib\u00e1\u00f1ez Udaondo<\/p>\n\t\t\t\t\t\t\t<p><strong>2014<\/strong><\/p>\n\n\t\t\t\t\t\t\t<\/a>\n\t\t\t\t\t\t\t<div class=\"arrow-right-to-right\"><a href=\"https:\/\/isostatika.com\/en\/projects\/loitzate-farmhouse\/\" class=\"text-link\"><span>SEE PROJECT<\/span><\/a><\/div>\n\t\t\t\t\t\t<\/div>\n\t\t\t\t\t\n\t\t\t\t\t\t\t\t\t<\/div>\n\t\t\t\t<\/div>\n\t\t\t\t<\/div>\n\t\t\t\t\n\n\n\n<\/div><\/section>\n\n\n\n<section class=\"section section-dark testimonial\">\n<div class=\"container\">\n<div class=\"row\">\n<div class=\"testimonial-content\">\n<p><em>&#8220;Everything is limited to Balance, Rigidity and Strength&#8221;<\/em><\/p>\n<\/div>\n<\/div>\n<\/div>\n<\/section>\n\n\n\n<section id=\"calidad\" class=\"section\">\n<div class=\"container\">\n<div class=\"row\">\n<div class=\"col-md-12 col-center\">\n<h2 class=\"section-title\">Quality<\/h2>\n<p>We use software with up-to-date licenses (AutoCad, CYPE) and calculation programs from the main companies of reference in the sector (Rothoblaas, Sika, HILTi, etc.) as well as our own spreadsheets that allow us to pre-size and then check the validity of the results.<\/p>\n<figure><img decoding=\"async\" src=\"https:\/\/isostatika.com\/imagenes\/isostatika-licencias-software.jpg\" alt=\"Licencias de software | ISOSTATIKA\" width=\"473\"><\/figure><p><\/p>\n<\/div>\n<\/div>\n<\/div>\n<\/section>\n","protected":false},"excerpt":{"rendered":"<p>Structure Consultancy and Research We like understanding systems and are passionate about challenges in consultancy and research; they motivate us, drive us forward and are [&hellip;]<\/p>\n","protected":false},"author":5,"featured_media":0,"parent":0,"menu_order":0,"comment_status":"closed","ping_status":"closed","template":"","meta":{"footnotes":""},"class_list":["post-1585","page","type-page","status-publish","hentry"],"yoast_head":"<!-- This site is optimized with the Yoast SEO plugin v27.2 - https:\/\/yoast.com\/product\/yoast-seo-wordpress\/ -->\n<title>Structure Consultancy and Research | ISOSTATIKA<\/title>\n<meta name=\"description\" content=\"Structure consultancy and research to analyze building pathologies, rehabilitate heritage, conduct research and exhaustive reports of the projects.\" \/>\n<meta name=\"robots\" content=\"index, follow, max-snippet:-1, max-image-preview:large, max-video-preview:-1\" \/>\n<link rel=\"canonical\" href=\"https:\/\/isostatika.com\/en\/consultancy-research\/\" \/>\n<meta property=\"og:locale\" content=\"en_US\" \/>\n<meta property=\"og:type\" content=\"article\" \/>\n<meta property=\"og:title\" content=\"Structure Consultancy and Research | ISOSTATIKA\" \/>\n<meta property=\"og:description\" content=\"Structure consultancy and research to analyze building pathologies, rehabilitate heritage, conduct research and exhaustive reports of the projects.\" \/>\n<meta property=\"og:url\" content=\"https:\/\/isostatika.com\/en\/consultancy-research\/\" \/>\n<meta property=\"og:site_name\" content=\"ISOSTATIKA\" \/>\n<meta property=\"article:modified_time\" content=\"2021-12-01T09:11:39+00:00\" \/>\n<meta property=\"og:image\" content=\"https:\/\/isostatika.com\/imagenes\/video-corto-consultoria-investigacion-preview.jpg\" \/>\n<meta name=\"twitter:card\" content=\"summary_large_image\" \/>\n<meta name=\"twitter:label1\" content=\"Est. reading time\" \/>\n\t<meta name=\"twitter:data1\" content=\"5 minutes\" \/>\n<script type=\"application\/ld+json\" class=\"yoast-schema-graph\">{\"@context\":\"https:\/\/schema.org\",\"@graph\":[{\"@type\":\"WebPage\",\"@id\":\"https:\/\/isostatika.com\/en\/consultancy-research\/\",\"url\":\"https:\/\/isostatika.com\/en\/consultancy-research\/\",\"name\":\"Structure Consultancy and Research | ISOSTATIKA\",\"isPartOf\":{\"@id\":\"https:\/\/isostatika.com\/en\/#website\"},\"primaryImageOfPage\":{\"@id\":\"https:\/\/isostatika.com\/en\/consultancy-research\/#primaryimage\"},\"image\":{\"@id\":\"https:\/\/isostatika.com\/en\/consultancy-research\/#primaryimage\"},\"thumbnailUrl\":\"https:\/\/isostatika.com\/imagenes\/video-corto-consultoria-investigacion-preview.jpg\",\"datePublished\":\"2021-01-13T15:52:18+00:00\",\"dateModified\":\"2021-12-01T09:11:39+00:00\",\"description\":\"Structure consultancy and research to analyze building pathologies, rehabilitate heritage, conduct research and exhaustive reports of the projects.\",\"breadcrumb\":{\"@id\":\"https:\/\/isostatika.com\/en\/consultancy-research\/#breadcrumb\"},\"inLanguage\":\"en-US\",\"potentialAction\":[{\"@type\":\"ReadAction\",\"target\":[\"https:\/\/isostatika.com\/en\/consultancy-research\/\"]}]},{\"@type\":\"ImageObject\",\"inLanguage\":\"en-US\",\"@id\":\"https:\/\/isostatika.com\/en\/consultancy-research\/#primaryimage\",\"url\":\"https:\/\/isostatika.com\/imagenes\/video-corto-consultoria-investigacion-preview.jpg\",\"contentUrl\":\"https:\/\/isostatika.com\/imagenes\/video-corto-consultoria-investigacion-preview.jpg\"},{\"@type\":\"BreadcrumbList\",\"@id\":\"https:\/\/isostatika.com\/en\/consultancy-research\/#breadcrumb\",\"itemListElement\":[{\"@type\":\"ListItem\",\"position\":1,\"name\":\"Home\",\"item\":\"https:\/\/isostatika.com\/en\/\"},{\"@type\":\"ListItem\",\"position\":2,\"name\":\"Structure Consultancy and Research\"}]},{\"@type\":\"WebSite\",\"@id\":\"https:\/\/isostatika.com\/en\/#website\",\"url\":\"https:\/\/isostatika.com\/en\/\",\"name\":\"ISOSTATIKA\",\"description\":\"Consultor\u00eda y dise\u00f1o de estructuras\",\"publisher\":{\"@id\":\"https:\/\/isostatika.com\/en\/#organization\"},\"potentialAction\":[{\"@type\":\"SearchAction\",\"target\":{\"@type\":\"EntryPoint\",\"urlTemplate\":\"https:\/\/isostatika.com\/en\/?s={search_term_string}\"},\"query-input\":{\"@type\":\"PropertyValueSpecification\",\"valueRequired\":true,\"valueName\":\"search_term_string\"}}],\"inLanguage\":\"en-US\"},{\"@type\":\"Organization\",\"@id\":\"https:\/\/isostatika.com\/en\/#organization\",\"name\":\"Isostatika | Consultancy and calculation of architectural structure\",\"url\":\"https:\/\/isostatika.com\/en\/\",\"logo\":{\"@type\":\"ImageObject\",\"inLanguage\":\"en-US\",\"@id\":\"https:\/\/isostatika.com\/en\/#\/schema\/logo\/image\/\",\"url\":\"https:\/\/isostatika.com\/imagenes\/isostatika-logo.png\",\"contentUrl\":\"https:\/\/isostatika.com\/imagenes\/isostatika-logo.png\",\"width\":136,\"height\":38,\"caption\":\"Isostatika | Consultancy and calculation of architectural structure\"},\"image\":{\"@id\":\"https:\/\/isostatika.com\/en\/#\/schema\/logo\/image\/\"}}]}<\/script>\n<!-- \/ Yoast SEO plugin. -->","yoast_head_json":{"title":"Structure Consultancy and Research | ISOSTATIKA","description":"Structure consultancy and research to analyze building pathologies, rehabilitate heritage, conduct research and exhaustive reports of the projects.","robots":{"index":"index","follow":"follow","max-snippet":"max-snippet:-1","max-image-preview":"max-image-preview:large","max-video-preview":"max-video-preview:-1"},"canonical":"https:\/\/isostatika.com\/en\/consultancy-research\/","og_locale":"en_US","og_type":"article","og_title":"Structure Consultancy and Research | ISOSTATIKA","og_description":"Structure consultancy and research to analyze building pathologies, rehabilitate heritage, conduct research and exhaustive reports of the projects.","og_url":"https:\/\/isostatika.com\/en\/consultancy-research\/","og_site_name":"ISOSTATIKA","article_modified_time":"2021-12-01T09:11:39+00:00","og_image":[{"url":"https:\/\/isostatika.com\/imagenes\/video-corto-consultoria-investigacion-preview.jpg","type":"","width":"","height":""}],"twitter_card":"summary_large_image","twitter_misc":{"Est. reading time":"5 minutes"},"schema":{"@context":"https:\/\/schema.org","@graph":[{"@type":"WebPage","@id":"https:\/\/isostatika.com\/en\/consultancy-research\/","url":"https:\/\/isostatika.com\/en\/consultancy-research\/","name":"Structure Consultancy and Research | ISOSTATIKA","isPartOf":{"@id":"https:\/\/isostatika.com\/en\/#website"},"primaryImageOfPage":{"@id":"https:\/\/isostatika.com\/en\/consultancy-research\/#primaryimage"},"image":{"@id":"https:\/\/isostatika.com\/en\/consultancy-research\/#primaryimage"},"thumbnailUrl":"https:\/\/isostatika.com\/imagenes\/video-corto-consultoria-investigacion-preview.jpg","datePublished":"2021-01-13T15:52:18+00:00","dateModified":"2021-12-01T09:11:39+00:00","description":"Structure consultancy and research to analyze building pathologies, rehabilitate heritage, conduct research and exhaustive reports of the projects.","breadcrumb":{"@id":"https:\/\/isostatika.com\/en\/consultancy-research\/#breadcrumb"},"inLanguage":"en-US","potentialAction":[{"@type":"ReadAction","target":["https:\/\/isostatika.com\/en\/consultancy-research\/"]}]},{"@type":"ImageObject","inLanguage":"en-US","@id":"https:\/\/isostatika.com\/en\/consultancy-research\/#primaryimage","url":"https:\/\/isostatika.com\/imagenes\/video-corto-consultoria-investigacion-preview.jpg","contentUrl":"https:\/\/isostatika.com\/imagenes\/video-corto-consultoria-investigacion-preview.jpg"},{"@type":"BreadcrumbList","@id":"https:\/\/isostatika.com\/en\/consultancy-research\/#breadcrumb","itemListElement":[{"@type":"ListItem","position":1,"name":"Home","item":"https:\/\/isostatika.com\/en\/"},{"@type":"ListItem","position":2,"name":"Structure Consultancy and Research"}]},{"@type":"WebSite","@id":"https:\/\/isostatika.com\/en\/#website","url":"https:\/\/isostatika.com\/en\/","name":"ISOSTATIKA","description":"Consultor\u00eda y dise\u00f1o de estructuras","publisher":{"@id":"https:\/\/isostatika.com\/en\/#organization"},"potentialAction":[{"@type":"SearchAction","target":{"@type":"EntryPoint","urlTemplate":"https:\/\/isostatika.com\/en\/?s={search_term_string}"},"query-input":{"@type":"PropertyValueSpecification","valueRequired":true,"valueName":"search_term_string"}}],"inLanguage":"en-US"},{"@type":"Organization","@id":"https:\/\/isostatika.com\/en\/#organization","name":"Isostatika | Consultancy and calculation of architectural structure","url":"https:\/\/isostatika.com\/en\/","logo":{"@type":"ImageObject","inLanguage":"en-US","@id":"https:\/\/isostatika.com\/en\/#\/schema\/logo\/image\/","url":"https:\/\/isostatika.com\/imagenes\/isostatika-logo.png","contentUrl":"https:\/\/isostatika.com\/imagenes\/isostatika-logo.png","width":136,"height":38,"caption":"Isostatika | Consultancy and calculation of architectural structure"},"image":{"@id":"https:\/\/isostatika.com\/en\/#\/schema\/logo\/image\/"}}]}},"_links":{"self":[{"href":"https:\/\/isostatika.com\/en\/wp-json\/wp\/v2\/pages\/1585","targetHints":{"allow":["GET"]}}],"collection":[{"href":"https:\/\/isostatika.com\/en\/wp-json\/wp\/v2\/pages"}],"about":[{"href":"https:\/\/isostatika.com\/en\/wp-json\/wp\/v2\/types\/page"}],"author":[{"embeddable":true,"href":"https:\/\/isostatika.com\/en\/wp-json\/wp\/v2\/users\/5"}],"replies":[{"embeddable":true,"href":"https:\/\/isostatika.com\/en\/wp-json\/wp\/v2\/comments?post=1585"}],"version-history":[{"count":0,"href":"https:\/\/isostatika.com\/en\/wp-json\/wp\/v2\/pages\/1585\/revisions"}],"wp:attachment":[{"href":"https:\/\/isostatika.com\/en\/wp-json\/wp\/v2\/media?parent=1585"}],"curies":[{"name":"wp","href":"https:\/\/api.w.org\/{rel}","templated":true}]}}