{"id":1576,"date":"2021-01-13T12:53:34","date_gmt":"2021-01-13T12:53:34","guid":{"rendered":"https:\/\/isostatika.com\/inicio\/"},"modified":"2021-12-01T09:09:11","modified_gmt":"2021-12-01T09:09:11","slug":"inicio","status":"publish","type":"page","link":"https:\/\/isostatika.com\/en\/","title":{"rendered":"Architectural structure consultancy and calculation"},"content":{"rendered":"\n<section class=\"section hero\">\n<div class=\"container\">\n<div class=\"row\">\n<div class=\"col-md-12\"><video class=\"home-hero-video\" poster=\"https:\/\/isostatika.com\/imagenes\/isostatika-logo-hero.png\" autoplay=\"autoplay\" muted=\"\" width=\"700\" height=\"394\"><source src=\"https:\/\/isostatika.com\/imagenes\/isostatika-logo-hero.mp4\" type=\"video\/mp4\"><img decoding=\"async\" class=\"logo-hero\" src=\"https:\/\/isostatika.com\/imagenes\/isostatika-logo-hero.png\" alt=\"ISOSTATIKA\"><\/video><div class=\"alt-home-hero-video\"><\/div>\n<h1>Architectural structure consultancy and calculation<\/h1>\n<div class=\"h2\">We guarantee the simplest and most coherent structure, to enhance your project while simplifying its implementation.<\/div>\n<div class=\"hero-cta\"><a class=\"text-link double-arrow\" href=\"https:\/\/isostatika.com\/en\/contact\/\"><span class=\"double-arrow-span\">GET IN TOUCH<\/span><\/a><\/div>\n<\/div>\n<\/div>\n<\/div>\n<\/section>\n\n\n\n<section class=\"section disenyo\">\n<div class=\"container\">\n<div class=\"row\">\n<div class=\"col-md-6 col-section-image\"><img decoding=\"async\" class=\"img-xl\" src=\"https:\/\/isostatika.com\/imagenes\/isostatika-disenyo-calculo-home.jpg\" alt=\"Design + calculation | ISOSTATIKA\" width=\"100%\"><img decoding=\"async\" class=\"img-s\" src=\"https:\/\/isostatika.com\/imagenes\/isostatika-disenyo-calculo-mini.jpg\" alt=\"Design + calculation | ISOSTATIKA\" width=\"100%\"><\/div>\n<div class=\"col-md-6 col-right\">\n<h2 class=\"section-title\">Design + calculation<\/h2>\n<p>We are specialists in steel, concrete, wood and stone, as well as foundations and mixed systems.<\/p>\n<p>We optimize the calculation of structures in accordance with regulations and we deliver high-quality, complete and sufficient documentation so as to monitor the work from beginning to end.<\/p>\n<div class=\"section-cta\">\n<div class=\"button-shining\"><svg><rect x=\"1\" y=\"1\" rx=\"2.2em\" fill=\"none\" width=\"98.5%\" height=\"97%\" stroke-linecap=\"round\" stroke-linejoin=\"round\" shape-rendering=\"geometricPrecision\"><\/rect><\/svg><a class=\"btn btn-primary\" href=\"https:\/\/isostatika.com\/en\/design-calculation\/\" title=\"Get to know our way of working\">More information<\/a><\/div>\n<\/div>\n<\/div>\n<\/div>\n<\/div>\n<\/section>\n\n\n\n<section class=\"section consultoria\">\n<div class=\"container\">\n<div class=\"row\">\n<div class=\"col-md-6 col-left\">\n<h2 class=\"section-title\">Consultancy and research<\/h2>\n<p>We like constructive and structural systems, so we try to understand their heritage and artistic value as well as their logic and internal functioning.<\/p>\n<p>At ISOSTATIKA structures are designed from and for architecture. We have the experience and training, as well as the best means and collaborators to be able to carry out any type of analysis or research.<\/p>\n<div class=\"section-cta\">\n<div class=\"button-shining\"><svg><rect x=\"1\" y=\"1\" rx=\"2.2em\" fill=\"none\" width=\"98.5%\" height=\"97%\" stroke-linecap=\"round\" stroke-linejoin=\"round\" shape-rendering=\"geometricPrecision\"><\/rect><\/svg><a class=\"btn btn-primary\" href=\"https:\/\/isostatika.com\/en\/consultancy-research\/\" title=\"We can help you\">More information<\/a><\/div><\/div>\n<\/div>\n<div class=\"col-md-6 col-section-image\"><img decoding=\"async\" class=\"img-xl\" src=\"https:\/\/isostatika.com\/imagenes\/isostatika-consultoria-investigacion-home.jpg\" alt=\"Consultancy and research | ISOSTATIKA\" width=\"100%\"><img decoding=\"async\" class=\"img-s\" src=\"https:\/\/isostatika.com\/imagenes\/isostatika-consultoria-investigacion-home.jpg\" alt=\"Consultancy and research | ISOSTATIKA\" width=\"100%\"><\/div>\n<\/div>\n<\/div>\n<\/section>\n\n\n\n<section class=\"section proyectos\">\n<div class=\"container\">\n<div class=\"row\">\n<div class=\"col-md-12 col-center\">\n<h2 class=\"section-title\">Projects<\/h2>\n<p class=\"section-subtitle\">We design structural projects for both historical and contemporary buildings of all types and uses, including residential, industrial and public.<\/p>\n<\/div>\n<\/div>\n\n\n\n\n\n\t\t\t\t\t\t\t\t<div class=\"row row-top\">\n\t\t\t\t<div class=\"col-md-12\">\n\t\t\t\t<div class=\"owl-carousel owl-theme proyectos-carousel\">\n\t\t\t\t\t\n\t\t\t\t\t\t\t\t\t\t\t<div class=\"entry\"><a href=\"https:\/\/isostatika.com\/en\/projects\/loitzate-farmhouse\/\"><img loading=\"lazy\" decoding=\"async\" width=\"534\" height=\"426\" src=\"https:\/\/isostatika.com\/imagenes\/isostatika-proyecto-caserio-loitzate.jpg\" class=\"entry-image img-maxwidth wp-post-image\" alt=\"Reconstruction of Loitzate Farmhouse\" srcset=\"https:\/\/isostatika.com\/imagenes\/isostatika-proyecto-caserio-loitzate.jpg 534w, https:\/\/isostatika.com\/imagenes\/isostatika-proyecto-caserio-loitzate-300x239.jpg 300w, https:\/\/isostatika.com\/imagenes\/isostatika-proyecto-caserio-loitzate-376x300.jpg 376w\" sizes=\"auto, (max-width: 534px) 100vw, 534px\" \/>\t\t\t\t\t\t\t<p class=\"entry-title\">Reconstruction of Loitzate Farmhouse, Berriz<\/p>\n\t\t\t\t\t\t\t<p>Designer: Jon Ortiz Larrinaga + I\u00f1igo Ib\u00e1\u00f1ez Udaondo<\/p>\n\t\t\t\t\t\t\t<p><strong>2014<\/strong><\/p>\n\n\t\t\t\t\t\t\t<\/a>\n\t\t\t\t\t\t\t<div class=\"arrow-right-to-right\"><a href=\"https:\/\/isostatika.com\/en\/projects\/loitzate-farmhouse\/\" class=\"text-link\"><span>SEE PROJECT<\/span><\/a><\/div>\n\t\t\t\t\t\t<\/div>\n\t\t\t\t\t\n\t\n\t\t\t\t\t\t\t\t\t\t\t<div class=\"entry\"><a href=\"https:\/\/isostatika.com\/en\/projects\/san-felix-school\/\"><img loading=\"lazy\" decoding=\"async\" width=\"534\" height=\"426\" src=\"https:\/\/isostatika.com\/imagenes\/isostatika-proyecto-san-felix-ikastetxea.jpg\" class=\"entry-image img-maxwidth wp-post-image\" alt=\"Extension to San F\u00e9lix School\" srcset=\"https:\/\/isostatika.com\/imagenes\/isostatika-proyecto-san-felix-ikastetxea.jpg 534w, https:\/\/isostatika.com\/imagenes\/isostatika-proyecto-san-felix-ikastetxea-300x239.jpg 300w, https:\/\/isostatika.com\/imagenes\/isostatika-proyecto-san-felix-ikastetxea-376x300.jpg 376w\" sizes=\"auto, (max-width: 534px) 100vw, 534px\" \/>\t\t\t\t\t\t\t<p class=\"entry-title\">San F\u00e9lix School Project, Ortuella<\/p>\n\t\t\t\t\t\t\t<p>Designer: Olaia Ziarrusta + I\u00f1igo Ib\u00e1\u00f1ez<\/p>\n\t\t\t\t\t\t\t<p><strong>2013<\/strong><\/p>\n\n\t\t\t\t\t\t\t<\/a>\n\t\t\t\t\t\t\t<div class=\"arrow-right-to-right\"><a href=\"https:\/\/isostatika.com\/en\/projects\/san-felix-school\/\" class=\"text-link\"><span>SEE PROJECT<\/span><\/a><\/div>\n\t\t\t\t\t\t<\/div>\n\t\t\t\t\t\n\t\n\t\t\t\t\t\t\t\t\t\t\t<div class=\"entry\"><a href=\"https:\/\/isostatika.com\/en\/projects\/attic-remodeling\/\"><img loading=\"lazy\" decoding=\"async\" width=\"534\" height=\"426\" src=\"https:\/\/isostatika.com\/imagenes\/isostatika-proyecto-reforma-atico.jpg\" class=\"entry-image img-maxwidth wp-post-image\" alt=\"Interior attic remodeling\" srcset=\"https:\/\/isostatika.com\/imagenes\/isostatika-proyecto-reforma-atico.jpg 534w, https:\/\/isostatika.com\/imagenes\/isostatika-proyecto-reforma-atico-300x239.jpg 300w, https:\/\/isostatika.com\/imagenes\/isostatika-proyecto-reforma-atico-376x300.jpg 376w\" sizes=\"auto, (max-width: 534px) 100vw, 534px\" \/>\t\t\t\t\t\t\t<p class=\"entry-title\">Interior attic remodeling<\/p>\n\t\t\t\t\t\t\t<p>Designer: I\u00f1igo Ib\u00e1\u00f1ez Udaondo<\/p>\n\t\t\t\t\t\t\t<p><strong>2015<\/strong><\/p>\n\n\t\t\t\t\t\t\t<\/a>\n\t\t\t\t\t\t\t<div class=\"arrow-right-to-right\"><a href=\"https:\/\/isostatika.com\/en\/projects\/attic-remodeling\/\" class=\"text-link\"><span>SEE PROJECT<\/span><\/a><\/div>\n\t\t\t\t\t\t<\/div>\n\t\t\t\t\t\n\t\n\t\t\t\t\t\t\t\t\t\t\t<div class=\"entry\"><a href=\"https:\/\/isostatika.com\/en\/projects\/santa-katalina\/\"><img loading=\"lazy\" decoding=\"async\" width=\"534\" height=\"426\" src=\"https:\/\/isostatika.com\/imagenes\/isostatika-proyecto-santa-katalina.jpg\" class=\"entry-image img-maxwidth wp-post-image\" alt=\"Apartments in Santa Katalina\" srcset=\"https:\/\/isostatika.com\/imagenes\/isostatika-proyecto-santa-katalina.jpg 534w, https:\/\/isostatika.com\/imagenes\/isostatika-proyecto-santa-katalina-300x239.jpg 300w, https:\/\/isostatika.com\/imagenes\/isostatika-proyecto-santa-katalina-376x300.jpg 376w\" sizes=\"auto, (max-width: 534px) 100vw, 534px\" \/>\t\t\t\t\t\t\t<p class=\"entry-title\">Apartments in Santa Katalina, Mundaka<\/p>\n\t\t\t\t\t\t\t<p>Designer: Inazio Aldazabal Belakortu + I\u00f1igo Ib\u00e1\u00f1ez Udaondo<\/p>\n\t\t\t\t\t\t\t<p><strong>2019<\/strong><\/p>\n\n\t\t\t\t\t\t\t<\/a>\n\t\t\t\t\t\t\t<div class=\"arrow-right-to-right\"><a href=\"https:\/\/isostatika.com\/en\/projects\/santa-katalina\/\" class=\"text-link\"><span>SEE PROJECT<\/span><\/a><\/div>\n\t\t\t\t\t\t<\/div>\n\t\t\t\t\t\n\t\n\t\t\t\t\t\t\t\t\t\t\t<div class=\"entry\"><a href=\"https:\/\/isostatika.com\/en\/projects\/rugby-stand\/\"><img loading=\"lazy\" decoding=\"async\" width=\"1068\" height=\"852\" src=\"https:\/\/isostatika.com\/imagenes\/isostatika-proyecto-grada-rugby.jpg\" class=\"entry-image img-maxwidth wp-post-image\" alt=\"Rekalde Rugby Stand\" srcset=\"https:\/\/isostatika.com\/imagenes\/isostatika-proyecto-grada-rugby.jpg 1068w, https:\/\/isostatika.com\/imagenes\/isostatika-proyecto-grada-rugby-300x239.jpg 300w, https:\/\/isostatika.com\/imagenes\/isostatika-proyecto-grada-rugby-1024x817.jpg 1024w, https:\/\/isostatika.com\/imagenes\/isostatika-proyecto-grada-rugby-768x613.jpg 768w, https:\/\/isostatika.com\/imagenes\/isostatika-proyecto-grada-rugby-376x300.jpg 376w\" sizes=\"auto, (max-width: 1068px) 100vw, 1068px\" \/>\t\t\t\t\t\t\t<p class=\"entry-title\">Rekalde Rugby stand, Bilbao<\/p>\n\t\t\t\t\t\t\t<p>Designer: Nerea Alonso + Helena Aranzabe + Alberto Abiega<\/p>\n\t\t\t\t\t\t\t<p><strong>2019<\/strong><\/p>\n\n\t\t\t\t\t\t\t<\/a>\n\t\t\t\t\t\t\t<div class=\"arrow-right-to-right\"><a href=\"https:\/\/isostatika.com\/en\/projects\/rugby-stand\/\" class=\"text-link\"><span>SEE PROJECT<\/span><\/a><\/div>\n\t\t\t\t\t\t<\/div>\n\t\t\t\t\t\n\t\n\t\t\t\t\t\t\t\t\t\t\t<div class=\"entry\"><a href=\"https:\/\/isostatika.com\/en\/projects\/eibar-aluminums\/\"><img loading=\"lazy\" decoding=\"async\" width=\"534\" height=\"426\" src=\"https:\/\/isostatika.com\/imagenes\/isostatika-proyecto-aluminios-de-eibar.jpg\" class=\"entry-image img-maxwidth wp-post-image\" alt=\"Eibar Aluminums Headquarters\" srcset=\"https:\/\/isostatika.com\/imagenes\/isostatika-proyecto-aluminios-de-eibar.jpg 534w, https:\/\/isostatika.com\/imagenes\/isostatika-proyecto-aluminios-de-eibar-300x239.jpg 300w, https:\/\/isostatika.com\/imagenes\/isostatika-proyecto-aluminios-de-eibar-376x300.jpg 376w\" sizes=\"auto, (max-width: 534px) 100vw, 534px\" \/>\t\t\t\t\t\t\t<p class=\"entry-title\">Eibar Aluminums Headquarters, Berriz<\/p>\n\t\t\t\t\t\t\t<p>Designer: AZAB Arquitectos<\/p>\n\t\t\t\t\t\t\t<p><strong>2021<\/strong><\/p>\n\n\t\t\t\t\t\t\t<\/a>\n\t\t\t\t\t\t\t<div class=\"arrow-right-to-right\"><a href=\"https:\/\/isostatika.com\/en\/projects\/eibar-aluminums\/\" class=\"text-link\"><span>SEE PROJECT<\/span><\/a><\/div>\n\t\t\t\t\t\t<\/div>\n\t\t\t\t\t\n\t\n\t\t\t\t\t\t\t\t\t\t\t<div class=\"entry\"><a href=\"https:\/\/isostatika.com\/en\/projects\/kareaga-house\/\"><img loading=\"lazy\" decoding=\"async\" width=\"534\" height=\"426\" src=\"https:\/\/isostatika.com\/imagenes\/isostatika-proyecto-casa-kareaga.jpg\" class=\"entry-image img-maxwidth wp-post-image\" alt=\"Remodeling of Kareaga House\" srcset=\"https:\/\/isostatika.com\/imagenes\/isostatika-proyecto-casa-kareaga.jpg 534w, https:\/\/isostatika.com\/imagenes\/isostatika-proyecto-casa-kareaga-300x239.jpg 300w, https:\/\/isostatika.com\/imagenes\/isostatika-proyecto-casa-kareaga-376x300.jpg 376w\" sizes=\"auto, (max-width: 534px) 100vw, 534px\" \/>\t\t\t\t\t\t\t<p class=\"entry-title\">Remodeling of Kareaga House, Zarautz<\/p>\n\t\t\t\t\t\t\t<p>Designer: XS Arkitektura<\/p>\n\t\t\t\t\t\t\t<p><strong>2017<\/strong><\/p>\n\n\t\t\t\t\t\t\t<\/a>\n\t\t\t\t\t\t\t<div class=\"arrow-right-to-right\"><a href=\"https:\/\/isostatika.com\/en\/projects\/kareaga-house\/\" class=\"text-link\"><span>SEE PROJECT<\/span><\/a><\/div>\n\t\t\t\t\t\t<\/div>\n\t\t\t\t\t\n\t\n\t\t\t\t\t\t\t\t\t\t\t<div class=\"entry\"><a href=\"https:\/\/isostatika.com\/en\/projects\/eladio-laredo\/\"><img loading=\"lazy\" decoding=\"async\" width=\"534\" height=\"426\" src=\"https:\/\/isostatika.com\/imagenes\/proyecto-castro-principal.jpg\" class=\"entry-image img-maxwidth wp-post-image\" alt=\"Study of Eladio Laredo Building\" srcset=\"https:\/\/isostatika.com\/imagenes\/proyecto-castro-principal.jpg 534w, https:\/\/isostatika.com\/imagenes\/proyecto-castro-principal-300x239.jpg 300w, https:\/\/isostatika.com\/imagenes\/proyecto-castro-principal-376x300.jpg 376w\" sizes=\"auto, (max-width: 534px) 100vw, 534px\" \/>\t\t\t\t\t\t\t<p class=\"entry-title\">Study of Eladio Laredo Building, Castro Urdiales<\/p>\n\t\t\t\t\t\t\t<p>Designer: ISOSTATIKA<\/p>\n\t\t\t\t\t\t\t<p><strong>2020<\/strong><\/p>\n\n\t\t\t\t\t\t\t<\/a>\n\t\t\t\t\t\t\t<div class=\"arrow-right-to-right\"><a href=\"https:\/\/isostatika.com\/en\/projects\/eladio-laredo\/\" class=\"text-link\"><span>SEE PROJECT<\/span><\/a><\/div>\n\t\t\t\t\t\t<\/div>\n\t\t\t\t\t\n\t\t\t\t\t\t\t\t\t<\/div>\n\t\t\t\t<\/div>\n\t\t\t\t<\/div>\n\t\t\t\t\n\n\n\n<\/div>\n<\/section>\n\n\n\n<section class=\"section section-dark quienes-somos\">\n<div class=\"container\">\n<div class=\"row\">\n<div class=\"col-md-6 col-section-image\"><img decoding=\"async\" class=\"img-to-bottom img-border\" src=\"https:\/\/isostatika.com\/imagenes\/quienes-somos-home.jpg\" alt=\"Who we are | ISOSTATIKA\" width=\"100%\"><\/div>\n<div class=\"col-md-6 col-right\">\n<h2 class=\"section-title\">Who we are<\/h2>\n<p>ISOSTATIKA is a Structure Design and Research studio based in Bilbao, created in 2020 by two architectural partners with extensive experience in the field.<\/p>\n<p>Our mission is to offer other architects simple structural designs that allow them to enhance their architecture, and to do so in the most balanced and environmentally friendly way possible.<\/p>\n<div class=\"section-cta\"><a class=\"btn btn-primary arrow-right arrow-white\" href=\"https:\/\/isostatika.com\/en\/who-we-are\/\" title=\"Discover our architecture studio\">More information<\/a><\/div>\n<\/div>\n<\/div>\n<\/div>\n<\/section>\n\n\n\n<section class=\"section section-dark testimonial\">\n<div class=\"container\">\n<div class=\"row\">\n<div class=\"testimonial-content\">\n<p><em> &#8220;Structure is to architecture as language is to thought &#8220;.<\/em><\/p>\n<p>Ricardo Aroca<\/p>\n<\/div>\n<\/div>\n<\/div>\n<\/section>\n","protected":false},"excerpt":{"rendered":"<p>Architectural structure consultancy and calculation We guarantee the simplest and most coherent structure, to enhance your project while simplifying its implementation. GET IN TOUCH Design [&hellip;]<\/p>\n","protected":false},"author":5,"featured_media":0,"parent":0,"menu_order":0,"comment_status":"closed","ping_status":"closed","template":"","meta":{"footnotes":""},"class_list":["post-1576","page","type-page","status-publish","hentry"],"yoast_head":"<!-- This site is optimized with the Yoast SEO plugin v27.2 - https:\/\/yoast.com\/product\/yoast-seo-wordpress\/ -->\n<title>ISOSTATIKA | Consultancy and calculation of architectural structures<\/title>\n<meta name=\"description\" content=\"We guarantee the simplest and most coherent structure for your architecture project. We handle its development and simplify its implementation.\" \/>\n<meta name=\"robots\" content=\"index, follow, max-snippet:-1, max-image-preview:large, max-video-preview:-1\" \/>\n<link rel=\"canonical\" href=\"https:\/\/isostatika.com\/en\/\" \/>\n<meta property=\"og:locale\" content=\"en_US\" \/>\n<meta property=\"og:type\" content=\"article\" \/>\n<meta property=\"og:title\" content=\"ISOSTATIKA | Consultancy and calculation of architectural structures\" \/>\n<meta property=\"og:description\" content=\"We guarantee the simplest and most coherent structure for your architecture project. We handle its development and simplify its implementation.\" \/>\n<meta property=\"og:url\" content=\"https:\/\/isostatika.com\/en\/\" \/>\n<meta property=\"og:site_name\" content=\"ISOSTATIKA\" \/>\n<meta property=\"article:modified_time\" content=\"2021-12-01T09:09:11+00:00\" \/>\n<meta property=\"og:image\" content=\"https:\/\/isostatika.com\/imagenes\/isostatika-logo-hero.png\" \/>\n<meta name=\"twitter:card\" content=\"summary_large_image\" \/>\n<meta name=\"twitter:label1\" content=\"Est. reading time\" \/>\n\t<meta name=\"twitter:data1\" content=\"3 minutes\" \/>\n<script type=\"application\/ld+json\" class=\"yoast-schema-graph\">{\"@context\":\"https:\/\/schema.org\",\"@graph\":[{\"@type\":\"WebPage\",\"@id\":\"https:\/\/isostatika.com\/en\/\",\"url\":\"https:\/\/isostatika.com\/en\/\",\"name\":\"ISOSTATIKA | Consultancy and calculation of architectural structures\",\"isPartOf\":{\"@id\":\"https:\/\/isostatika.com\/en\/#website\"},\"primaryImageOfPage\":{\"@id\":\"https:\/\/isostatika.com\/en\/#primaryimage\"},\"image\":{\"@id\":\"https:\/\/isostatika.com\/en\/#primaryimage\"},\"thumbnailUrl\":\"https:\/\/isostatika.com\/imagenes\/isostatika-logo-hero.png\",\"datePublished\":\"2021-01-13T12:53:34+00:00\",\"dateModified\":\"2021-12-01T09:09:11+00:00\",\"description\":\"We guarantee the simplest and most coherent structure for your architecture project. We handle its development and simplify its implementation.\",\"breadcrumb\":{\"@id\":\"https:\/\/isostatika.com\/en\/#breadcrumb\"},\"inLanguage\":\"en-US\",\"potentialAction\":[{\"@type\":\"ReadAction\",\"target\":[\"https:\/\/isostatika.com\/en\/\"]}]},{\"@type\":\"ImageObject\",\"inLanguage\":\"en-US\",\"@id\":\"https:\/\/isostatika.com\/en\/#primaryimage\",\"url\":\"https:\/\/isostatika.com\/imagenes\/isostatika-logo-hero.png\",\"contentUrl\":\"https:\/\/isostatika.com\/imagenes\/isostatika-logo-hero.png\"},{\"@type\":\"BreadcrumbList\",\"@id\":\"https:\/\/isostatika.com\/en\/#breadcrumb\",\"itemListElement\":[{\"@type\":\"ListItem\",\"position\":1,\"name\":\"Home\",\"item\":\"https:\/\/isostatika.com\/en\/\"},{\"@type\":\"ListItem\",\"position\":2,\"name\":\"Architectural structure consultancy and calculation\"}]},{\"@type\":\"WebSite\",\"@id\":\"https:\/\/isostatika.com\/en\/#website\",\"url\":\"https:\/\/isostatika.com\/en\/\",\"name\":\"ISOSTATIKA\",\"description\":\"Consultor\u00eda y dise\u00f1o de estructuras\",\"publisher\":{\"@id\":\"https:\/\/isostatika.com\/en\/#organization\"},\"potentialAction\":[{\"@type\":\"SearchAction\",\"target\":{\"@type\":\"EntryPoint\",\"urlTemplate\":\"https:\/\/isostatika.com\/en\/?s={search_term_string}\"},\"query-input\":{\"@type\":\"PropertyValueSpecification\",\"valueRequired\":true,\"valueName\":\"search_term_string\"}}],\"inLanguage\":\"en-US\"},{\"@type\":\"Organization\",\"@id\":\"https:\/\/isostatika.com\/en\/#organization\",\"name\":\"Isostatika | Consultancy and calculation of architectural structure\",\"url\":\"https:\/\/isostatika.com\/en\/\",\"logo\":{\"@type\":\"ImageObject\",\"inLanguage\":\"en-US\",\"@id\":\"https:\/\/isostatika.com\/en\/#\/schema\/logo\/image\/\",\"url\":\"https:\/\/isostatika.com\/imagenes\/isostatika-logo.png\",\"contentUrl\":\"https:\/\/isostatika.com\/imagenes\/isostatika-logo.png\",\"width\":136,\"height\":38,\"caption\":\"Isostatika | Consultancy and calculation of architectural structure\"},\"image\":{\"@id\":\"https:\/\/isostatika.com\/en\/#\/schema\/logo\/image\/\"}}]}<\/script>\n<!-- \/ Yoast SEO plugin. -->","yoast_head_json":{"title":"ISOSTATIKA | Consultancy and calculation of architectural structures","description":"We guarantee the simplest and most coherent structure for your architecture project. We handle its development and simplify its implementation.","robots":{"index":"index","follow":"follow","max-snippet":"max-snippet:-1","max-image-preview":"max-image-preview:large","max-video-preview":"max-video-preview:-1"},"canonical":"https:\/\/isostatika.com\/en\/","og_locale":"en_US","og_type":"article","og_title":"ISOSTATIKA | Consultancy and calculation of architectural structures","og_description":"We guarantee the simplest and most coherent structure for your architecture project. We handle its development and simplify its implementation.","og_url":"https:\/\/isostatika.com\/en\/","og_site_name":"ISOSTATIKA","article_modified_time":"2021-12-01T09:09:11+00:00","og_image":[{"url":"https:\/\/isostatika.com\/imagenes\/isostatika-logo-hero.png","type":"","width":"","height":""}],"twitter_card":"summary_large_image","twitter_misc":{"Est. reading time":"3 minutes"},"schema":{"@context":"https:\/\/schema.org","@graph":[{"@type":"WebPage","@id":"https:\/\/isostatika.com\/en\/","url":"https:\/\/isostatika.com\/en\/","name":"ISOSTATIKA | Consultancy and calculation of architectural structures","isPartOf":{"@id":"https:\/\/isostatika.com\/en\/#website"},"primaryImageOfPage":{"@id":"https:\/\/isostatika.com\/en\/#primaryimage"},"image":{"@id":"https:\/\/isostatika.com\/en\/#primaryimage"},"thumbnailUrl":"https:\/\/isostatika.com\/imagenes\/isostatika-logo-hero.png","datePublished":"2021-01-13T12:53:34+00:00","dateModified":"2021-12-01T09:09:11+00:00","description":"We guarantee the simplest and most coherent structure for your architecture project. We handle its development and simplify its implementation.","breadcrumb":{"@id":"https:\/\/isostatika.com\/en\/#breadcrumb"},"inLanguage":"en-US","potentialAction":[{"@type":"ReadAction","target":["https:\/\/isostatika.com\/en\/"]}]},{"@type":"ImageObject","inLanguage":"en-US","@id":"https:\/\/isostatika.com\/en\/#primaryimage","url":"https:\/\/isostatika.com\/imagenes\/isostatika-logo-hero.png","contentUrl":"https:\/\/isostatika.com\/imagenes\/isostatika-logo-hero.png"},{"@type":"BreadcrumbList","@id":"https:\/\/isostatika.com\/en\/#breadcrumb","itemListElement":[{"@type":"ListItem","position":1,"name":"Home","item":"https:\/\/isostatika.com\/en\/"},{"@type":"ListItem","position":2,"name":"Architectural structure consultancy and calculation"}]},{"@type":"WebSite","@id":"https:\/\/isostatika.com\/en\/#website","url":"https:\/\/isostatika.com\/en\/","name":"ISOSTATIKA","description":"Consultor\u00eda y dise\u00f1o de estructuras","publisher":{"@id":"https:\/\/isostatika.com\/en\/#organization"},"potentialAction":[{"@type":"SearchAction","target":{"@type":"EntryPoint","urlTemplate":"https:\/\/isostatika.com\/en\/?s={search_term_string}"},"query-input":{"@type":"PropertyValueSpecification","valueRequired":true,"valueName":"search_term_string"}}],"inLanguage":"en-US"},{"@type":"Organization","@id":"https:\/\/isostatika.com\/en\/#organization","name":"Isostatika | Consultancy and calculation of architectural structure","url":"https:\/\/isostatika.com\/en\/","logo":{"@type":"ImageObject","inLanguage":"en-US","@id":"https:\/\/isostatika.com\/en\/#\/schema\/logo\/image\/","url":"https:\/\/isostatika.com\/imagenes\/isostatika-logo.png","contentUrl":"https:\/\/isostatika.com\/imagenes\/isostatika-logo.png","width":136,"height":38,"caption":"Isostatika | Consultancy and calculation of architectural structure"},"image":{"@id":"https:\/\/isostatika.com\/en\/#\/schema\/logo\/image\/"}}]}},"_links":{"self":[{"href":"https:\/\/isostatika.com\/en\/wp-json\/wp\/v2\/pages\/1576","targetHints":{"allow":["GET"]}}],"collection":[{"href":"https:\/\/isostatika.com\/en\/wp-json\/wp\/v2\/pages"}],"about":[{"href":"https:\/\/isostatika.com\/en\/wp-json\/wp\/v2\/types\/page"}],"author":[{"embeddable":true,"href":"https:\/\/isostatika.com\/en\/wp-json\/wp\/v2\/users\/5"}],"replies":[{"embeddable":true,"href":"https:\/\/isostatika.com\/en\/wp-json\/wp\/v2\/comments?post=1576"}],"version-history":[{"count":0,"href":"https:\/\/isostatika.com\/en\/wp-json\/wp\/v2\/pages\/1576\/revisions"}],"wp:attachment":[{"href":"https:\/\/isostatika.com\/en\/wp-json\/wp\/v2\/media?parent=1576"}],"curies":[{"name":"wp","href":"https:\/\/api.w.org\/{rel}","templated":true}]}}